{"id":14474,"date":"2020-08-19T07:40:26","date_gmt":"2020-08-19T07:40:26","guid":{"rendered":"http:\/\/localhost\/wordpress\/bumbleb\/?page_id=14474"},"modified":"2025-05-04T22:55:10","modified_gmt":"2025-05-04T22:55:10","slug":"intrebari-frecvente","status":"publish","type":"page","link":"https:\/\/frunky2.dev.enovate.ro\/de\/intrebari-frecvente\/","title":{"rendered":"H\u00e4ufig gestellte Fragen"},"content":{"rendered":"<div data-elementor-type=\"wp-page\" data-elementor-id=\"14474\" class=\"elementor elementor-14474\">\n\t\t\t\t\t\t<section class=\"elementor-section elementor-top-section elementor-element elementor-element-66e9c05 elementor-section-boxed elementor-section-height-default elementor-section-height-default\" data-id=\"66e9c05\" data-element_type=\"section\">\n\t\t\t\t\t\t<div class=\"elementor-container elementor-column-gap-default\">\n\t\t\t\t\t<div class=\"elementor-column elementor-col-100 elementor-top-column elementor-element elementor-element-4170ba4\" data-id=\"4170ba4\" data-element_type=\"column\">\n\t\t\t<div class=\"elementor-widget-wrap elementor-element-populated\">\n\t\t\t\t\t\t<div class=\"elementor-element elementor-element-ca300dd elementor-view-default elementor-widget elementor-widget-icon\" data-id=\"ca300dd\" data-element_type=\"widget\" data-widget_type=\"icon.default\">\n\t\t\t\t<div class=\"elementor-widget-container\">\n\t\t\t\t\t\t\t<div class=\"elementor-icon-wrapper\">\n\t\t\t<div class=\"elementor-icon\">\n\t\t\t\t\t\t<\/div>\n\t\t<\/div>\n\t\t\t\t\t\t<\/div>\n\t\t\t\t<\/div>\n\t\t\t\t<div class=\"elementor-element elementor-element-ba7f0e9 title-block-1 elementor-widget elementor-widget-heading\" data-id=\"ba7f0e9\" data-element_type=\"widget\" data-widget_type=\"heading.default\">\n\t\t\t\t<div class=\"elementor-widget-container\">\n\t\t\t\t\t<h2 class=\"elementor-heading-title elementor-size-default\">H\u00e4ufig gestellte Fragen<\/h2>\t\t\t\t<\/div>\n\t\t\t\t<\/div>\n\t\t\t\t\t<\/div>\n\t\t<\/div>\n\t\t\t\t\t<\/div>\n\t\t<\/section>\n\t\t\t\t<section class=\"elementor-section elementor-top-section elementor-element elementor-element-acbdb48 elementor-section-boxed elementor-section-height-default elementor-section-height-default\" data-id=\"acbdb48\" data-element_type=\"section\">\n\t\t\t\t\t\t<div class=\"elementor-container elementor-column-gap-default\">\n\t\t\t\t\t<div class=\"elementor-column elementor-col-50 elementor-top-column elementor-element elementor-element-2d2b84b\" data-id=\"2d2b84b\" data-element_type=\"column\">\n\t\t\t<div class=\"elementor-widget-wrap elementor-element-populated\">\n\t\t\t\t\t\t<div class=\"elementor-element elementor-element-72c70e8 elementor-widget elementor-widget-heading\" data-id=\"72c70e8\" data-element_type=\"widget\" data-widget_type=\"heading.default\">\n\t\t\t\t<div class=\"elementor-widget-container\">\n\t\t\t\t\t<h2 class=\"elementor-heading-title elementor-size-default\">01. Sicherheit<\/h2>\t\t\t\t<\/div>\n\t\t\t\t<\/div>\n\t\t\t\t<div class=\"elementor-element elementor-element-8a84d42 elementor-widget elementor-widget-text-editor\" data-id=\"8a84d42\" data-element_type=\"widget\" data-widget_type=\"text-editor.default\">\n\t\t\t\t<div class=\"elementor-widget-container\">\n\t\t\t\t\t\t\t\t\t<p class=\"p1\"><b>Gibt es Risiken beim Heizen oder K\u00fchlen des Motors oder der Batterie?<\/b><\/p>\t\t\t\t\t\t\t\t<\/div>\n\t\t\t\t<\/div>\n\t\t\t\t<div class=\"elementor-element elementor-element-19dfa4d elementor-widget elementor-widget-text-editor\" data-id=\"19dfa4d\" data-element_type=\"widget\" data-widget_type=\"text-editor.default\">\n\t\t\t\t<div class=\"elementor-widget-container\">\n\t\t\t\t\t\t\t\t\t<p class=\"p1\">Die Montage des Kofferraums hat keinen Einfluss auf die K\u00fchlung des Motors oder der Batterie. Das Frunky-Team f\u00fchrt seit \u00fcber 2 Jahren in allen Jahreszeiten Temperaturtests durch und es gab keine Temperaturanstiege.<\/p>\t\t\t\t\t\t\t\t<\/div>\n\t\t\t\t<\/div>\n\t\t\t\t<div class=\"elementor-element elementor-element-2ddce35 elementor-widget elementor-widget-text-editor\" data-id=\"2ddce35\" data-element_type=\"widget\" data-widget_type=\"text-editor.default\">\n\t\t\t\t<div class=\"elementor-widget-container\">\n\t\t\t\t\t\t\t\t\t<p class=\"p1\"><b>Kommt Wasser nach Frunky?<\/b><\/p>\t\t\t\t\t\t\t\t<\/div>\n\t\t\t\t<\/div>\n\t\t\t\t<div class=\"elementor-element elementor-element-f82b452 elementor-widget elementor-widget-text-editor\" data-id=\"f82b452\" data-element_type=\"widget\" data-widget_type=\"text-editor.default\">\n\t\t\t\t<div class=\"elementor-widget-container\">\n\t\t\t\t\t\t\t\t\t<p class=\"p1\">Frunky besteht aus Kunststoff, so dass Wasserspritzer, die beim Fahren im Regen oder auf nassen Stra\u00dfen auftreten k\u00f6nnen, Ihr Gep\u00e4ck nicht erreichen. Chederes, die kostenlos mit jedem Frunky angeboten werden, isolieren die Motorhaube hermetisch gegen Wasser und Staub und sch\u00fctzen Gegenst\u00e4nde im Inneren einschlie\u00dflich der Autow\u00e4sche.<\/p>\t\t\t\t\t\t\t\t<\/div>\n\t\t\t\t<\/div>\n\t\t\t\t<div class=\"elementor-element elementor-element-9342301 elementor-widget elementor-widget-text-editor\" data-id=\"9342301\" data-element_type=\"widget\" data-widget_type=\"text-editor.default\">\n\t\t\t\t<div class=\"elementor-widget-container\">\n\t\t\t\t\t\t\t\t\t<p class=\"p1\"><b>Ist meine Autogarantie betroffen?<\/b><\/p>\t\t\t\t\t\t\t\t<\/div>\n\t\t\t\t<\/div>\n\t\t\t\t<div class=\"elementor-element elementor-element-ca54782 elementor-widget elementor-widget-text-editor\" data-id=\"ca54782\" data-element_type=\"widget\" data-widget_type=\"text-editor.default\">\n\t\t\t\t<div class=\"elementor-widget-container\">\n\t\t\t\t\t\t\t\t\t<p class=\"p1\">Frunky beeintr\u00e4chtigt die Funktionalit\u00e4t der Maschine in keiner Weise und erfordert keine \u00c4nderung, so dass es keinen Grund gibt, warum Sie die Garantie verlieren w\u00fcrden. F\u00fcr eine bessere Durchf\u00fchrung der periodischen \u00dcberholung empfehlen wir jedoch, den Frunky vor den Servicebesuchen zu demontieren. Demontage und Montage ist sehr einfach.<\/p>\t\t\t\t\t\t\t\t<\/div>\n\t\t\t\t<\/div>\n\t\t\t\t\t<\/div>\n\t\t<\/div>\n\t\t\t\t<div class=\"elementor-column elementor-col-50 elementor-top-column elementor-element elementor-element-46827e5\" data-id=\"46827e5\" data-element_type=\"column\">\n\t\t\t<div class=\"elementor-widget-wrap elementor-element-populated\">\n\t\t\t\t\t\t<div class=\"elementor-element elementor-element-97de7fa elementor-widget elementor-widget-heading\" data-id=\"97de7fa\" data-element_type=\"widget\" data-widget_type=\"heading.default\">\n\t\t\t\t<div class=\"elementor-widget-container\">\n\t\t\t\t\t<h2 class=\"elementor-heading-title elementor-size-default\">02. Montage<\/h2>\t\t\t\t<\/div>\n\t\t\t\t<\/div>\n\t\t\t\t<div class=\"elementor-element elementor-element-e97e387 elementor-widget elementor-widget-text-editor\" data-id=\"e97e387\" data-element_type=\"widget\" data-widget_type=\"text-editor.default\">\n\t\t\t\t<div class=\"elementor-widget-container\">\n\t\t\t\t\t\t\t\t\t<p class=\"p1\"><b>Wie befestige ich Frunky?<\/b><\/p>\t\t\t\t\t\t\t\t<\/div>\n\t\t\t\t<\/div>\n\t\t\t\t<div class=\"elementor-element elementor-element-20eb60b elementor-widget elementor-widget-text-editor\" data-id=\"20eb60b\" data-element_type=\"widget\" data-widget_type=\"text-editor.default\">\n\t\t\t\t<div class=\"elementor-widget-container\">\n\t\t\t\t\t\t\t\t\t<p class=\"p1\">Frunky kann einfach zu Hause montiert werden. Die Klemmung erfolgt in 10 Punkten mit den Clips aus dem Montagesatz. F\u00fcr eine bessere Isolierung des Frunky bieten wir Ihnen kostenlos eine Motorhaubendichtung an.<\/p><p class=\"p1\">F\u00fcr weitere Details haben wir hier eine Schritt-f\u00fcr-Schritt Montageanleitung vorbereitet.<\/p><p class=\"p2\"><span class=\"s1\">Wie zu montieren (<a href=\"https:\/\/www.facebook.com\/share\/r\/1AQKhLxstT\/\"><span class=\"s2\">https:\/\/www.facebook.com\/share\/r\/1AQKhLxstT\/<\/span><\/a><\/span><span class=\"s3\">)<\/span><\/p>\t\t\t\t\t\t\t\t<\/div>\n\t\t\t\t<\/div>\n\t\t\t\t<div class=\"elementor-element elementor-element-8c5f1a8 elementor-widget elementor-widget-text-editor\" data-id=\"8c5f1a8\" data-element_type=\"widget\" data-widget_type=\"text-editor.default\">\n\t\t\t\t<div class=\"elementor-widget-container\">\n\t\t\t\t\t\t\t\t\t<p>Ich sehe nun die l\u00e4ngere Lieferzeit von (einem Teil) meiner Bestellung. Wie kann ich es stornieren?<\/p>\t\t\t\t\t\t\t\t<\/div>\n\t\t\t\t<\/div>\n\t\t\t\t<div class=\"elementor-element elementor-element-a0d6221 elementor-widget elementor-widget-text-editor\" data-id=\"a0d6221\" data-element_type=\"widget\" data-widget_type=\"text-editor.default\">\n\t\t\t\t<div class=\"elementor-widget-container\">\n\t\t\t\t\t\t\t\t\t<p>Wenn die Bestellung eine l\u00e4ngere Lieferzeit hat als Sie zuvor gesehen hatten, ist es nat\u00fcrlich m\u00f6glich, (einen Teil) der Bestellung zu stornieren. Hierzu k\u00f6nnen Sie sich an unseren Kundenservice wenden. Sie werden die Bestellung f\u00fcr Sie stornieren. Der Kaufbetrag wird innerhalb von zwei Werktagen auf Ihr Bankkonto zur\u00fcckerstattet. Wenn eine Bestellung bereits versandt wurde, kann sie nicht mehr storniert werden.<\/p>\t\t\t\t\t\t\t\t<\/div>\n\t\t\t\t<\/div>\n\t\t\t\t\t<\/div>\n\t\t<\/div>\n\t\t\t\t\t<\/div>\n\t\t<\/section>\n\t\t\t\t<section class=\"elementor-section elementor-top-section elementor-element elementor-element-654ba5d elementor-section-boxed elementor-section-height-default elementor-section-height-default\" data-id=\"654ba5d\" data-element_type=\"section\">\n\t\t\t\t\t\t<div class=\"elementor-container elementor-column-gap-default\">\n\t\t\t\t\t<div class=\"elementor-column elementor-col-50 elementor-top-column elementor-element elementor-element-79cd7ac\" data-id=\"79cd7ac\" data-element_type=\"column\">\n\t\t\t<div class=\"elementor-widget-wrap elementor-element-populated\">\n\t\t\t\t\t\t<div class=\"elementor-element elementor-element-23a61e7 elementor-widget elementor-widget-heading\" data-id=\"23a61e7\" data-element_type=\"widget\" data-widget_type=\"heading.default\">\n\t\t\t\t<div class=\"elementor-widget-container\">\n\t\t\t\t\t<h2 class=\"elementor-heading-title elementor-size-default\">03. Verwendung<\/h2>\t\t\t\t<\/div>\n\t\t\t\t<\/div>\n\t\t\t\t<div class=\"elementor-element elementor-element-7865024 elementor-widget elementor-widget-text-editor\" data-id=\"7865024\" data-element_type=\"widget\" data-widget_type=\"text-editor.default\">\n\t\t\t\t<div class=\"elementor-widget-container\">\n\t\t\t\t\t\t\t\t\t<p class=\"p1\"><b>Was ist Frunkys Volumen?<\/b><\/p>\t\t\t\t\t\t\t\t<\/div>\n\t\t\t\t<\/div>\n\t\t\t\t<div class=\"elementor-element elementor-element-5ddc240 elementor-widget elementor-widget-text-editor\" data-id=\"5ddc240\" data-element_type=\"widget\" data-widget_type=\"text-editor.default\">\n\t\t\t\t<div class=\"elementor-widget-container\">\n\t\t\t\t\t\t\t\t\t<p class=\"p1\">Frunky bietet Ihnen einen zus\u00e4tzlichen Stauraum von rund 40 Litern.<\/p>\t\t\t\t\t\t\t\t<\/div>\n\t\t\t\t<\/div>\n\t\t\t\t<div class=\"elementor-element elementor-element-5ab8cef elementor-widget elementor-widget-text-editor\" data-id=\"5ab8cef\" data-element_type=\"widget\" data-widget_type=\"text-editor.default\">\n\t\t\t\t<div class=\"elementor-widget-container\">\n\t\t\t\t\t\t\t\t\t<p class=\"p1\"><b>Wie stark ist Frunky?<\/b><\/p>\t\t\t\t\t\t\t\t<\/div>\n\t\t\t\t<\/div>\n\t\t\t\t<div class=\"elementor-element elementor-element-4508ca8 elementor-widget elementor-widget-text-editor\" data-id=\"4508ca8\" data-element_type=\"widget\" data-widget_type=\"text-editor.default\">\n\t\t\t\t<div class=\"elementor-widget-container\">\n\t\t\t\t\t\t\t\t\t<p class=\"p1\">Frunky besteht aus strapazierf\u00e4higem und steifem Material und ruht auf der Karosserie, was eine schwere Gep\u00e4ckaufbewahrung erm\u00f6glicht, ohne ihre Form zu beeintr\u00e4chtigen. Die ideale Rolle, f\u00fcr die das Frunky-Konzept konzipiert wurde, besteht darin, Zubeh\u00f6r wie Ladekabel, Sanit\u00e4rkit, reflektierendes Dreieck aufzubewahren und so Platz im Kofferraum zu schaffen.<span class=\"s1\">.<\/span><\/p>\t\t\t\t\t\t\t\t<\/div>\n\t\t\t\t<\/div>\n\t\t\t\t<div class=\"elementor-element elementor-element-ca4127a elementor-widget elementor-widget-text-editor\" data-id=\"ca4127a\" data-element_type=\"widget\" data-widget_type=\"text-editor.default\">\n\t\t\t\t<div class=\"elementor-widget-container\">\n\t\t\t\t\t\t\t\t\t<p class=\"p1\"><b>Wie lange dauert es, bis Frunky hier ist?<\/b><\/p>\t\t\t\t\t\t\t\t<\/div>\n\t\t\t\t<\/div>\n\t\t\t\t<div class=\"elementor-element elementor-element-6389efd elementor-widget elementor-widget-text-editor\" data-id=\"6389efd\" data-element_type=\"widget\" data-widget_type=\"text-editor.default\">\n\t\t\t\t<div class=\"elementor-widget-container\">\n\t\t\t\t\t\t\t\t\tWenn Sie die Bestellung bezahlt haben, erhalten Sie nicht automatisch eine Rechnung f\u00fcr Ihre Bestellung. Wenn Sie eine Rechnung erhalten m\u00f6chten, k\u00f6nnen Sie dies auf zwei Arten tun.Der erste Weg ist \u00fcber Ihr Konto in unserem Gesch\u00e4ft. Wenn Sie sich bei Ihrem Konto anmelden, k\u00f6nnen Sie Ihre Bestellungen einsehen und die Rechnung herunterladen.\t\t\t\t\t\t\t\t<\/div>\n\t\t\t\t<\/div>\n\t\t\t\t\t<\/div>\n\t\t<\/div>\n\t\t\t\t<div class=\"elementor-column elementor-col-50 elementor-top-column elementor-element elementor-element-76aaebb\" data-id=\"76aaebb\" data-element_type=\"column\">\n\t\t\t<div class=\"elementor-widget-wrap elementor-element-populated\">\n\t\t\t\t\t\t<div class=\"elementor-element elementor-element-9e341b1 elementor-widget elementor-widget-heading\" data-id=\"9e341b1\" data-element_type=\"widget\" data-widget_type=\"heading.default\">\n\t\t\t\t<div class=\"elementor-widget-container\">\n\t\t\t\t\t<h2 class=\"elementor-heading-title elementor-size-default\">04. Lieferung<\/h2>\t\t\t\t<\/div>\n\t\t\t\t<\/div>\n\t\t\t\t<div class=\"elementor-element elementor-element-5bfc156 elementor-widget elementor-widget-text-editor\" data-id=\"5bfc156\" data-element_type=\"widget\" data-widget_type=\"text-editor.default\">\n\t\t\t\t<div class=\"elementor-widget-container\">\n\t\t\t\t\t\t\t\t\tWann erhalte ich meine Bestellung?\t\t\t\t\t\t\t\t<\/div>\n\t\t\t\t<\/div>\n\t\t\t\t<div class=\"elementor-element elementor-element-bb2f0af elementor-widget elementor-widget-text-editor\" data-id=\"bb2f0af\" data-element_type=\"widget\" data-widget_type=\"text-editor.default\">\n\t\t\t\t<div class=\"elementor-widget-container\">\n\t\t\t\t\t\t\t\t\t<p class=\"p1\">Wir liefern Frunky im ganzen Land innerhalb von 3 Werktagen. Wir nehmen auch Bestellungen aus dem Ausland entgegen, in Partnerschaft mit der \u00f6rtlichen Post, aber das Warten lohnt sich, wir garantieren Ihnen!<\/p>\t\t\t\t\t\t\t\t<\/div>\n\t\t\t\t<\/div>\n\t\t\t\t<div class=\"elementor-element elementor-element-c34a0e4 elementor-widget elementor-widget-text-editor\" data-id=\"c34a0e4\" data-element_type=\"widget\" data-widget_type=\"text-editor.default\">\n\t\t\t\t<div class=\"elementor-widget-container\">\n\t\t\t\t\t\t\t\t\t<p class=\"p1\"><b>Wenn ich Frunky nicht mag, kann ich ihn zur\u00fcckgeben?<\/b><\/p>\t\t\t\t\t\t\t\t<\/div>\n\t\t\t\t<\/div>\n\t\t\t\t<div class=\"elementor-element elementor-element-244190b elementor-widget elementor-widget-text-editor\" data-id=\"244190b\" data-element_type=\"widget\" data-widget_type=\"text-editor.default\">\n\t\t\t\t<div class=\"elementor-widget-container\">\n\t\t\t\t\t\t\t\t\t<p class=\"p1\">Wenn Sie Frunky (unwahrscheinlich) nicht m\u00f6gen, k\u00f6nnen Sie es innerhalb von 30 Tagen zur\u00fccksenden, aber nur, wenn das Produkt keine Gebrauchsspuren aufweist. Die Kosten f\u00fcr den R\u00fcckversand tr\u00e4gt der Kunde. Wenn Sie irgendwelche Bedenken haben, nachdem Sie Frunky erhalten haben, z\u00f6gern Sie nicht, uns zu kontaktieren, und wir k\u00f6nnen Ihnen gerne helfen.<\/p>\t\t\t\t\t\t\t\t<\/div>\n\t\t\t\t<\/div>\n\t\t\t\t<div class=\"elementor-element elementor-element-eb374a1 elementor-widget elementor-widget-text-editor\" data-id=\"eb374a1\" data-element_type=\"widget\" data-widget_type=\"text-editor.default\">\n\t\t\t\t<div class=\"elementor-widget-container\">\n\t\t\t\t\t\t\t\t\tWann erhalte ich die Rechnung f\u00fcr meine Bestellung?\t\t\t\t\t\t\t\t<\/div>\n\t\t\t\t<\/div>\n\t\t\t\t<div class=\"elementor-element elementor-element-7fc4d36 elementor-widget elementor-widget-text-editor\" data-id=\"7fc4d36\" data-element_type=\"widget\" data-widget_type=\"text-editor.default\">\n\t\t\t\t<div class=\"elementor-widget-container\">\n\t\t\t\t\t\t\t\t\tWenn Sie die Bestellung bezahlt haben, erhalten Sie nicht automatisch eine Rechnung f\u00fcr Ihre Bestellung. Wenn Sie eine Rechnung erhalten m\u00f6chten, k\u00f6nnen Sie dies auf zwei Arten tun.Der erste Weg ist \u00fcber Ihr Konto in unserem Gesch\u00e4ft. Wenn Sie sich bei Ihrem Konto anmelden, k\u00f6nnen Sie Ihre Bestellungen einsehen und die Rechnung herunterladen.\t\t\t\t\t\t\t\t<\/div>\n\t\t\t\t<\/div>\n\t\t\t\t\t<\/div>\n\t\t<\/div>\n\t\t\t\t\t<\/div>\n\t\t<\/section>\n\t\t\t\t<\/div>","protected":false},"excerpt":{"rendered":"<p>H\u00e4ufig gestellte Fragen 01. Sicherheit Gibt es Risiken beim Heizen oder K\u00fchlen des Motors oder der Batterie? Die Montage des Kofferraums hat keinen Einfluss auf die K\u00fchlung des Motors oder der Batterie. Das Frunky-Team f\u00fchrt seit \u00fcber 2 Jahren in allen Jahreszeiten Temperaturtests durch und es gab keine Temperaturanstiege. Kommt Wasser nach Frunky? Frunky besteht aus [...]<\/p>","protected":false},"author":1,"featured_media":0,"parent":0,"menu_order":0,"comment_status":"closed","ping_status":"closed","template":"","meta":{"footnotes":""},"class_list":["post-14474","page","type-page","status-publish","hentry"],"aioseo_notices":[],"_links":{"self":[{"href":"https:\/\/frunky2.dev.enovate.ro\/de\/wp-json\/wp\/v2\/pages\/14474","targetHints":{"allow":["GET"]}}],"collection":[{"href":"https:\/\/frunky2.dev.enovate.ro\/de\/wp-json\/wp\/v2\/pages"}],"about":[{"href":"https:\/\/frunky2.dev.enovate.ro\/de\/wp-json\/wp\/v2\/types\/page"}],"author":[{"embeddable":true,"href":"https:\/\/frunky2.dev.enovate.ro\/de\/wp-json\/wp\/v2\/users\/1"}],"replies":[{"embeddable":true,"href":"https:\/\/frunky2.dev.enovate.ro\/de\/wp-json\/wp\/v2\/comments?post=14474"}],"version-history":[{"count":4,"href":"https:\/\/frunky2.dev.enovate.ro\/de\/wp-json\/wp\/v2\/pages\/14474\/revisions"}],"predecessor-version":[{"id":45224,"href":"https:\/\/frunky2.dev.enovate.ro\/de\/wp-json\/wp\/v2\/pages\/14474\/revisions\/45224"}],"wp:attachment":[{"href":"https:\/\/frunky2.dev.enovate.ro\/de\/wp-json\/wp\/v2\/media?parent=14474"}],"curies":[{"name":"wp","href":"https:\/\/api.w.org\/{rel}","templated":true}]}}