{"id":3,"date":"2025-04-07T11:28:53","date_gmt":"2025-04-07T11:28:53","guid":{"rendered":"https:\/\/frunky2.dev.enovate.ro\/?page_id=3"},"modified":"2025-05-15T14:47:01","modified_gmt":"2025-05-15T14:47:01","slug":"termeni-si-conditii","status":"publish","type":"page","link":"https:\/\/frunky2.dev.enovate.ro\/de\/termeni-si-conditii\/","title":{"rendered":"Allgemeine Gesch\u00e4ftsbedingungen"},"content":{"rendered":"<div data-elementor-type=\"wp-page\" data-elementor-id=\"3\" class=\"elementor elementor-3\">\n\t\t\t\t<div class=\"elementor-element elementor-element-e0de312 e-flex e-con-boxed e-con e-parent\" data-id=\"e0de312\" data-element_type=\"container\">\n\t\t\t\t\t<div class=\"e-con-inner\">\n\t\t\t\t<div class=\"elementor-element elementor-element-3288dc4b elementor-widget elementor-widget-text-editor\" data-id=\"3288dc4b\" data-element_type=\"widget\" data-widget_type=\"text-editor.default\">\n\t\t\t\t<div class=\"elementor-widget-container\">\n\t\t\t\t\t\t\t\t\t<p><\/p>\n<h1 class=\"wp-block-heading\">Allgemeine Gesch\u00e4ftsbedingungen<\/h1>\n<p>frunky.ro ist Eigentum von Green Hub SRL, eingetragen im Handelsregister unter der Nummer J03\/736\/2022 und mit dem einzigartigen Registrierungscode: 45853806. Die Nutzung dieser Website, einschlie\u00dflich des Besuchs und Kaufs von Produkten von www.frunky.ro oder frunky.ro, wie nachfolgend beschrieben, impliziert die Annahme der nachstehenden Allgemeinen Gesch\u00e4ftsbedingungen. Wir empfehlen Ihnen, diese sorgf\u00e4ltig zu lesen. Green Hub SRL \u00fcbernimmt das Recht, diese Bestimmungen ohne weitere Ank\u00fcndigung zu \u00e4ndern.<\/p>\n<h1>Zugang zu Informationen auf der Website<\/h1>\n<p>Green Hub SRL garantiert dem Benutzer einen eingeschr\u00e4nkten Zugriff in seinem pers\u00f6nlichen Interesse auf die frunky.ro-Website und gew\u00e4hrt ihm nicht das Recht, die Website ganz oder teilweise herunterzuladen oder zu \u00e4ndern, einen Teil oder die gesamte Website zu reproduzieren, die Website zu kopieren, zu verkaufen \/ weiterzuverkaufen oder auf andere Weise zu nutzen, f\u00fcr kommerzielle Zwecke oder gegen die Interessen von Green Hub SRL ohne ihre vorherige schriftliche Zustimmung. Sie haben ein beschr\u00e4nktes, nicht ausschlie\u00dfliches und widerrufliches Recht, einen Weblink (Link) zur Hauptseite der frunky.ro-Website oder zu einer anderen Seite zu erstellen, sofern dies Green Hub SRL oder einem unserer Partner keine M\u00e4ngel jeglicher Art bringt, nur nach unserer schriftlichen Zustimmung.<\/p>\n<h1>Elektronische Kommunikation<\/h1>\n<p>Wenn Sie frunky.ro besuchen oder uns E-Mails senden, bedeutet dies, dass Sie elektronisch mit uns kommunizieren. Sie stimmen zu, dass alle diese Mitteilungen: E-Mails, Notizen, Konventionen, Newsletter, Nachrichten oder jede andere Art von Informationen, die wir elektronisch zur Verf\u00fcgung stellen, erf\u00fcllen alle Anforderungen der nationalen und europ\u00e4ischen Gesetzgebung. Ihre Zustimmung, auf diese Weise mit uns zu kommunizieren, unabh\u00e4ngig davon, ob Sie diese Informationen nur erhalten oder uns Informationen elektronisch senden, ist eine Annahme, die einer handschriftlichen Unterschrift auf einem physischen Dokument gleichkommt, als ob diese Informationen auf einem physischen Medium gedruckt w\u00e4ren, schriftlich. Sie und Green Hub SRL erkl\u00e4ren sich auch damit einverstanden, genau das einzuhalten, was elektronisch \u00fcbermittelt wird, wobei die Verwendung solcher Mitteilungen diesem Dokument unterliegt, das als Allgemeine Gesch\u00e4ftsbedingungen bezeichnet wird.<\/p>\n<h1>Urheberrecht<\/h1>\n<p>Der gesamte Inhalt der Website frunky.ro - Bilder, Texte, Grafiken, Symbole, Webgrafiken, E-Mails, Skripte, Programme und andere Daten - ist Eigentum von Green Hub SRL und seinen Lieferanten und ist durch das Urheberrechtsschutzgesetz (Gesetz Nr. 8\/1996) und die Gesetze \u00fcber geistiges und gewerbliches Eigentum gesch\u00fctzt. Die Verwendung eines der oben aufgef\u00fchrten Elemente ohne schriftliche Zustimmung von Green Hub SRL ist nach den geltenden Gesetzen strafbar. Die Nutzung der Website frunky.ro ist nur innerhalb der in Artikel 1 dieses Dokuments genannten Grenzen gestattet.<\/p>\n<p>Wenn Sie eine Urheberrechtsverletzung bemerken, melden Sie diese bitte an contact@frunky.ro<\/p>\n<h1>Kommentare und andere Mitteilungen der Nutzer<\/h1>\n<p>Benutzer, die auf die Website https:\/\/frunky.ro zugreifen, k\u00f6nnen Kommentare \u00fcber ihn und die angebotenen Produkte abgeben, die nach vorheriger Genehmigung auf der Website ver\u00f6ffentlicht werden k\u00f6nnen. Green Hub SRL beh\u00e4lt sich das Recht, aber nicht die Verpflichtung vor, auf der Website keine Kommentare mit illegalen, obsz\u00f6nen, bedrohlichen, diffamierenden Inhalten zu ver\u00f6ffentlichen, die in irgendeiner Weise die Privatsph\u00e4re anderer Personen st\u00f6ren, Rechte des geistigen Eigentums verletzen, Viren, Texte enthalten, die auf verschiedene Werbekampagnen, Kettenbriefe, Massen-E-Mails oder jede andere Form von Spam abzielen. Green Hub SRL ist nicht haftbar oder haftbar f\u00fcr jegliche Entsch\u00e4digung f\u00fcr Sch\u00e4den, die durch solche Kommentare oder Mitteilungen verursacht werden. Im Falle des Sendens von Informationen, die nicht mit dem Kauf \/ Verkauf von Produkten zusammenh\u00e4ngen, wird davon ausgegangen, dass der Benutzer Green Hub SRL und seinen verbundenen Unternehmen \/ Partnern das nicht ausschlie\u00dfliche, unbegrenzte, kostenlose, unwiderrufliche und wieder\u00fcbertragbare Recht zur Nutzung, Vervielf\u00e4ltigung, \u00c4nderung, Anpassung, Ver\u00f6ffentlichung, \u00dcbersetzung sowie das Recht zur Verbreitung \u00fcber alle Medien \u00fcberall auf der Welt einr\u00e4umt. Der Benutzer garantiert, dass er alle Rechte an den Inhalten hat, die er \u00fcbermittelt, um auf der Website mit allen Mitteln ver\u00f6ffentlicht zu werden, so dass er durch die Nutzung dieser Inhalte niemandem Schaden zuf\u00fcgt. Green Hub SRL \u00fcbernimmt keine Verantwortung f\u00fcr m\u00f6gliche Sch\u00e4den, die durch die Nutzung des Inhalts dieser Kommentare durch die Benutzer der Website verursacht werden, sie werden gem\u00e4\u00df den Artikeln in diesem Dokument unter der gleichen Haftungsbeschr\u00e4nkung wie der Rest des Inhalts auf der Website angeboten.<\/p>\n<h1>\u00dcber Produkte und Dienstleistungen<\/h1>\n<p>Green Hub SRL \u00fcbernimmt keine Garantie, weder ausdr\u00fccklich noch implizit, f\u00fcr den Betrieb dieser Website, die Informationen, die Genauigkeit der Beschreibungen, die Aktualisierung und Aktualisierung der Inhalte, Materialien oder Produkte auf der Website sowie deren Eignung f\u00fcr einen bestimmten Zweck. Benutzer erkl\u00e4ren sich ausdr\u00fccklich damit einverstanden, dass die Nutzung dieser Website und der Kauf von verwandten Produkten oder Dienstleistungen auf eigenes Risiko erfolgt. Die auf der Website ver\u00f6ffentlichten Bilder sind zum Beispiel, und die gelieferten Produkte k\u00f6nnen in irgendeiner Weise von den pr\u00e4sentierten Bildern abweichen (Farbe, Zubeh\u00f6r, Aussehen usw.). Der Inhalt von frunky.ro (Texte, Produktbeschreibungen, technische Merkmale, Bilder, Symbole) wird in enger Zusammenarbeit mit Lieferanten erstellt. Aus diesem Grund \u00fcbernimmt Green Hub SRL keine Verantwortung f\u00fcr die Beschreibungen und Spezifikationen der auf der Website frunky.ro angezeigten Produkte, die mit denen identisch sind, die uns von den Vertretern jeder Marke zur Verf\u00fcgung gestellt werden. Green Hub SRL und seine Partner behalten sich das Recht vor, die technischen Spezifikationen der Produkte ohne vorherige Ank\u00fcndigung zu \u00e4ndern. Produkte und Dienstleistungen werden \u201eso wie sie sind\u201c angeboten, solange der Vorrat reicht. Aus diesem Grund \u00fcbernimmt Green Hub SRL das Recht, eine bestimmte Bestellung nicht auszuf\u00fchren, wenn das jeweilige Produkt aus dem aktuellen Angebot des Importeurs oder H\u00e4ndlers verschwindet.<\/p>\n<h1>\u00dcber Preise<\/h1>\n<p>Die Preise verstehen sich inklusive Mehrwertsteuer. Die Preise enthalten keine Versandkosten, es sei denn, auf der Website wird ausdr\u00fccklich etwas anderes angegeben. Der auf der Schlussrechnung aufgedruckte Kaufpreis entspricht dem vom Verkaufsberater zum Zeitpunkt der Best\u00e4tigung der Bestellung als feste Bestellung festgelegten Preis, oder bei Bestellungen mit Online-Zahlung direkt per Kreditkarte wird dieser Preis zum Zeitpunkt des Kaufs auf der Website ver\u00f6ffentlicht. Es gibt keine Mindestpreisgrenze, um eine Bestellung aufzugeben. Trotz unserer Bem\u00fchungen kann eine kleine Anzahl von Produkten falsche Preise auf der Website haben, die von unserem Computersystem falsch eingestellt wurden. Unter diesen Umst\u00e4nden gilt der Endpreis immer als der vom Kunden in den Gespr\u00e4chen mit unseren Verkaufsberatern akzeptierte Preis. Wenn der tats\u00e4chliche Preis des Produkts h\u00f6her ist als der auf der Website angezeigte Preis, sind unsere Verkaufsberater berechtigt, Ihrer Anfrage nach Lieferung des Produkts zu dem auf der Website ver\u00f6ffentlichten Preis nur insoweit nachzukommen, als wir dazu in der Lage sind, da Sie auch berechtigt sind, die jeweilige Bestellung abzulehnen. Wenn der tats\u00e4chliche Preis niedriger ist als der auf der Website ver\u00f6ffentlichte Preis und Sie den Preis im Voraus mit verschiedenen Methoden (OP, Bankkarte usw.) bezahlt haben, wird Ihnen die Differenz nach einvernehmlicher Vereinbarung, sp\u00e4testens jedoch 14 Tage nach Erhalt des Produkts, zur\u00fcckerstattet. Wir behalten uns das Recht vor, eine Bestellung nicht auszuf\u00fchren, wenn der endg\u00fcltige Verkaufspreis eines Produkts in der Bestellung aufgrund eines technischen Fehlers so unverh\u00e4ltnism\u00e4\u00dfig zum vorherigen Preis dieses Produkts ist, dass der Preis l\u00e4cherlich ist. Wir werden den Kunden so schnell wie m\u00f6glich \u00fcber den aufgetretenen Fehler informieren.<\/p>\n<h1>\u00dcber Aktien<\/h1>\n<p>Die auf der Website angezeigte Aktie ist eine eigene Aktie, und frunky.ro aktualisiert die Aktie der Website w\u00f6chentlich, um die besten Informationen zu liefern. Um Probleme im Zusammenhang mit der Produktverf\u00fcgbarkeit zu vermeiden, wenden Sie sich bitte telefonisch oder per E-Mail an die Vertreter von frunky.ro. Daher kann Green Hub SRL nicht garantieren, dass alle angezeigten Produkte vorr\u00e4tig sind. Wir behalten uns das Recht vor, eine bestimmte Bestellung nicht auszuf\u00fchren, wenn das Produkt aus dem aktuellen Angebot verschwindet, nicht auf Lager ist, nicht mehr hergestellt wird oder aus einem anderen Grund, der zur Unm\u00f6glichkeit der Lieferung f\u00fchren kann.<\/p>\n<h1>\u00dcber die Lieferung<\/h1>\n<p>Die Lieferung der Produkte erfolgt \u00fcberall in Rum\u00e4nien. Green Hub SRL beh\u00e4lt sich das Recht vor, Bestellungen vor deren Erf\u00fcllung durch Kontaktaufnahme mit Kunden zu best\u00e4tigen. Die Transportkosten tr\u00e4gt der K\u00e4ufer, sofern nicht anders angegeben, und sie werden dem Kunden zum Zeitpunkt der Best\u00e4tigung der Bestellung zur Kenntnis gebracht. Die Versandkosten werden im Falle der R\u00fccksendung der Produkte nicht erstattet. Green Hub SRL beh\u00e4lt sich das Recht vor, Lieferungen bestellter Produkte zu verz\u00f6gern oder zu stornieren, wenn sie aus von Green Hub SRL unabh\u00e4ngigen Gr\u00fcnden nicht ber\u00fccksichtigt werden k\u00f6nnen, darunter: Br\u00e4nde, Explosionen, \u00dcberschwemmungen, Epidemien, Streiks, Regierungsaktionen, Kriege, Terrorakte, Proteste, Unruhen, Unruhen oder andere Hindernisse h\u00f6herer Gewalt nach den Gepflogenheiten des rum\u00e4nischen Rechts. Die Annahme der Produkte stellt die Annahme des Kunden dar, dass die Produkte in gutem Zustand angekommen sind. Der maximale Schadenersatzbetrag, der von Green Hub SRL an jeden Kunden im Falle einer Nichtlieferung oder unsachgem\u00e4\u00dfen Lieferung gezahlt werden kann, ist der von Green Hub SRL bei diesem Kunden eingezogene Betrag. Dies gilt auch f\u00fcr die R\u00fccksendung von Produkten.<\/p>\n<h1>\u00dcber die Zahlung<\/h1>\n<p>Die Zahlung f\u00fcr Produkte, die gem\u00e4\u00df diesen Gesch\u00e4ftsbedingungen bestellt wurden, kann im Voraus oder bei Lieferung der Produkte erfolgen. Green Hub SRL beh\u00e4lt sich in bestimmten F\u00e4llen das Recht vor, die Zahlung der Produkte im Voraus zu verlangen. Vorauszahlung kann per Bank\u00fcberweisung oder per Zahlungsauftrag erfolgen; Der Zahlungsnachweis muss an Green Hub SRL unter der E-Mail-Adresse frunky.ro@gmail.com \/ oder per WhatsApp +40 771 226 393 gesendet werden. Die Lieferung erfolgt erst, nachdem das Geld auf das Green Hub SRL-Konto eingezahlt wurde. Vorauszahlung gilt auch als Zahlung per Online-Kreditkarte. In diesem Fall wird Green Hub SRL den elektronischen Zahlungsabwickler auffordern, die Sicherheit und G\u00fcltigkeit der Transaktion zu best\u00e4tigen, und gegebenenfalls zus\u00e4tzliche Kontrollen durchf\u00fchren, bevor die Produkte geliefert werden, kann diese \u00dcberpr\u00fcfung aus Sicherheitsgr\u00fcnden sogar zur Stornierung der jeweiligen Bestellung f\u00fchren. Die bestellten Produkte m\u00fcssen vollst\u00e4ndig bezahlt werden, andernfalls erfolgt die Lieferung nicht.<\/p>\n<h1>\u00dcber Garantie und Service<\/h1>\n<p>frunky.ro bietet f\u00fcr alle auf der Website verkauften Produkte die R\u00fcckgabegarantie ohne Probleme f\u00fcr 14 Tage ab Kaufdatum des Produkts an. Zus\u00e4tzlich zu dieser Garantie profitieren einige Produkte von der Herstellergarantie, diese Informationen finden Sie auf der Herstellerseite. Im Falle der Feststellung von M\u00e4ngeln an den von frunky.ro gekauften Produkten.<\/p>\n<h1>Links zu anderen Websites, Servern, Browsern<\/h1>\n<p>Die frunky.ro Website wird auf den Servern eines Drittanbieters gehostet. Green Hub SRL kann nicht f\u00fcr Fehler auf der Website verantwortlich gemacht werden, unabh\u00e4ngig von den Gr\u00fcnden f\u00fcr ihr Auftreten, einschlie\u00dflich Website-\u00c4nderungen, Einstellungen oder Updates. Green Hub SRL kann nicht f\u00fcr Fehler haftbar gemacht werden, die aufgrund der Verwendung bestimmter Browser f\u00fcr den Besuch der frunky.ro-Website aufgetreten sind. Green Hub SRL ist nicht verantwortlich f\u00fcr den Inhalt, die Qualit\u00e4t oder die Art der Websites, die \u00fcber Links auf der Website www.frunky.ro erreicht werden. F\u00fcr diese Websites tragen die Eigent\u00fcmer der betreffenden Websites die volle Verantwortung.<\/p>\n<h1>Nutzungsbedingungen des Newsletters<\/h1>\n<p>Das Abonnieren und Abbestellen des von der frunky.ro-Website verteilten Newsletters ist kostenlos und freiwillig, was die Annahme der folgenden Nutzungsbedingungen impliziert. Nachrichten, die gesendet werden, sind nicht unaufgefordert und Sie k\u00f6nnen sich jederzeit abmelden, indem Sie den Anweisungen in der Fu\u00dfzeile jeder E-Mail folgen. Die gesendeten Nachrichten entsprechen dem Gesetz \u00fcber den elektronischen Gesch\u00e4ftsverkehr in Bezug auf die kommerzielle Kommunikation gem\u00e4\u00df der rum\u00e4nischen und internationalen Gesetzgebung. Die Nutzung des Newsletters erfolgt unter den gleichen Bedingungen der Haftungsbeschr\u00e4nkung in Bezug auf den Inhalt, wie die Nutzung der Website genehmigt ist, unter den in diesem Dokument festgelegten Bedingungen (siehe Artikel 4 bis 10), und die Datenschutzerkl\u00e4rung wird im Abschnitt Datenschutz weiter unten n\u00e4her beschrieben. Green Hub SRL besitzt alle Rechte am Inhalt des Newsletters, der an Abonnenten unter den gleichen Bedingungen wie f\u00fcr die auf der Website ver\u00f6ffentlichten Informationen gesendet wird (siehe Artikel 1 und 3), gem\u00e4\u00df den Bestimmungen dieses Dokuments. Abonnenten des frunky.ro-Newsletters k\u00f6nnen diese kommerziellen Mitteilungen unter ihrer Verantwortung an andere Personen weitersenden, sofern sie weder die Struktur noch den Inhalt der jeweiligen Nachrichten ge\u00e4ndert haben. Personen, die von den Abonnenten des frunky.ro Newsletters kommerzielle Nachrichten erhalten haben, gelten als von den Abonnenten im Voraus \u00fcber die Bestimmungen dieses Dokuments informiert. In diesem Zusammenhang kann Green Hub SRL in keiner Weise f\u00fcr die Handlungen seiner Abonnenten haftbar gemacht werden. Green Hub SRL beh\u00e4lt sich das Recht vor, den Zugang eines Abonnenten zum Newsletter nach vorheriger Benachrichtigung - oder ohne vorherige Benachrichtigung - \u00fcber diese Absicht zu beschr\u00e4nken, wenn Green Hub SRL Grund zu der Annahme hat, dass dieser Abonnent die Bestimmungen dieses Dokuments nicht einh\u00e4lt.<\/p>\n<h1>Recht auf R\u00fccksendung von Produkten<\/h1>\n<p>Der Kunde hat das Recht, Green Hub SRL schriftlich zu benachrichtigen, dass er auf den Kauf verzichtet, ohne Strafe und ohne Angabe von Gr\u00fcnden, innerhalb von 14 Kalendertagen nach Erhalt des Produkts oder im Falle von Dienstleistungen, ab Vertragsschluss, indem er innerhalb dieser Frist das in der Originalverpackung gekaufte Produkt mit allem Zubeh\u00f6r und ohne jede Spur von Besch\u00e4digung oder Verschlei\u00df zur\u00fccksendet, wobei der Kunde die Versandkosten nach rum\u00e4nischem Recht tr\u00e4gt. Dieses Recht kann nicht bei Produkten geltend gemacht werden, die aus unseren R\u00e4umlichkeiten entnommen wurden oder die direkt von unseren Mitarbeitern an den Kunden geliefert wurden oder f\u00fcr die die Probe hergestellt wurde. Anfragen f\u00fcr die R\u00fccksendung von Produkten werden durch Ausf\u00fcllen einer E-Mail an folgende Adresse gestellt: frunky.ro@gmail.com<\/p>\n<h1>Schlussbestimmungen<\/h1>\n<p>Alle anderen Probleme, die durch die auf frunky.ro pr\u00e4sentierten Produkte und Dienstleistungen oder durch die auf dieser Website pr\u00e4sentierten Informationen verursacht werden und die nicht bereits in einem Artikel in diesem Dokument behandelt werden, werden innerhalb von 14 Arbeitstagen ab dem Datum der schriftlichen Benachrichtigung des Benutzers \u00fcber die Probleme g\u00fctlich gel\u00f6st. Wenn der Konflikt nicht g\u00fctlich beigelegt wurde, liegt die Zust\u00e4ndigkeit bei den rum\u00e4nischen Gerichten oder einer alternativen Streitbeilegungsstelle, die von beiden Parteien vereinbart wurde. Mit der Zustimmung zu diesen Nutzungsbedingungen der Website frunky.ro \u00fcbernimmt der Kunde diese Risiken vollumf\u00e4nglich.<\/p>\n<h1>Vertraulichkeit<\/h1>\n<p>Wir respektieren strikt die Vertraulichkeit der Kundendaten und verpflichten uns, die personenbezogenen Daten der Kunden nicht an Dritte weiterzugeben und ausschlie\u00dflich f\u00fcr den Zweck zu verwenden, f\u00fcr den sie eingegeben wurden (Bestellung) und f\u00fcr kommerzielle Informationen \u00fcber diesen Shop. Wir ermutigen SPAM nicht, wir geben Ihre E-Mail-Adresse nicht an Dritte (nat\u00fcrliche oder juristische Personen) weiter, wir verkaufen nicht, wir bieten nicht an, wir tauschen keine E-Mail-Adressen aus, die \u00fcber diese Website erhalten wurden, wir geben Ihre E-Mail-Adresse nicht an andere weiter, die auf die Seiten dieser Website zugreifen.<\/p>\n<p>Gem\u00e4\u00df den Anforderungen des Gesetzes Nr. 677\/2001 zum Schutz nat\u00fcrlicher Personen bei der Verarbeitung personenbezogener Daten und zum freien Datenverkehr in der ge\u00e4nderten und erg\u00e4nzten Fassung sowie des Gesetzes Nr. 506\/2004 \u00fcber die Verarbeitung personenbezogener Daten und den Schutz der Privatsph\u00e4re in der elektronischen Kommunikation ist Green Hub SRL verpflichtet, die personenbezogenen Daten, die Sie \u00fcber sich selbst oder eine andere Person bereitstellen, sicher und nur f\u00fcr die angegebenen Zwecke zu verwalten. Der Zweck der Erhebung personenbezogener Daten besteht darin, Ihre Bestellungen zu bearbeiten und zu liefern.<\/p>\n<p>Nach dem Gesetz Nr. 677\/2001 haben Sie das Recht auf Auskunft, Eingriff in Daten, das Recht, keiner individuellen Entscheidung unterworfen zu werden, und das Recht, Rechtsmittel einzulegen. Gleichzeitig haben Sie das Recht, der Verarbeitung der Sie betreffenden personenbezogenen Daten zu widersprechen und die L\u00f6schung der Daten zu verlangen. Um diese Rechte auszu\u00fcben, k\u00f6nnen Sie eine schriftliche, datierte und unterzeichnete Anfrage per Post an unser Unternehmen richten.<\/p>\n<p>frunky.ro gibt dem Benutzer das Recht, Ihre Kontaktdaten zu \u00e4ndern, die Sie registriert haben, einige Aspekte, an denen Sie interessiert sind, einschlie\u00dflich neuer Informationen \u00fcber Produkte und Dienstleistungen. Sie k\u00f6nnen uns auch jederzeit auffordern, Ihre Daten zu l\u00f6schen, indem Sie eine E-Mail an frunky.ro@gmail.com senden.<\/p>\t\t\t\t\t\t\t\t<\/div>\n\t\t\t\t<\/div>\n\t\t\t\t\t<\/div>\n\t\t\t\t<\/div>\n\t\t\t\t<\/div>","protected":false},"excerpt":{"rendered":"<p>Allgemeine Gesch\u00e4ftsbedingungen frunky.ro ist Eigentum von Green Hub SRL, eingetragen im Handelsregister unter der Nummer J03\/736\/2022 und mit dem einzigartigen Registrierungscode: 45853806. Die Nutzung dieser Website, einschlie\u00dflich des Besuchs und Kaufs von Produkten von www.frunky.ro oder frunky.ro, wie nachfolgend beschrieben, impliziert die Annahme der nachstehenden Allgemeinen Gesch\u00e4ftsbedingungen. Wir empfehlen, mit [...]<\/p>","protected":false},"author":1,"featured_media":0,"parent":0,"menu_order":0,"comment_status":"closed","ping_status":"open","template":"","meta":{"footnotes":""},"class_list":["post-3","page","type-page","status-publish","hentry"],"aioseo_notices":[],"_links":{"self":[{"href":"https:\/\/frunky2.dev.enovate.ro\/de\/wp-json\/wp\/v2\/pages\/3","targetHints":{"allow":["GET"]}}],"collection":[{"href":"https:\/\/frunky2.dev.enovate.ro\/de\/wp-json\/wp\/v2\/pages"}],"about":[{"href":"https:\/\/frunky2.dev.enovate.ro\/de\/wp-json\/wp\/v2\/types\/page"}],"author":[{"embeddable":true,"href":"https:\/\/frunky2.dev.enovate.ro\/de\/wp-json\/wp\/v2\/users\/1"}],"replies":[{"embeddable":true,"href":"https:\/\/frunky2.dev.enovate.ro\/de\/wp-json\/wp\/v2\/comments?post=3"}],"version-history":[{"count":13,"href":"https:\/\/frunky2.dev.enovate.ro\/de\/wp-json\/wp\/v2\/pages\/3\/revisions"}],"predecessor-version":[{"id":45307,"href":"https:\/\/frunky2.dev.enovate.ro\/de\/wp-json\/wp\/v2\/pages\/3\/revisions\/45307"}],"wp:attachment":[{"href":"https:\/\/frunky2.dev.enovate.ro\/de\/wp-json\/wp\/v2\/media?parent=3"}],"curies":[{"name":"wp","href":"https:\/\/api.w.org\/{rel}","templated":true}]}}