{"id":45082,"date":"2025-04-14T22:27:55","date_gmt":"2025-04-14T22:27:55","guid":{"rendered":"https:\/\/frunky2.dev.enovate.ro\/?page_id=45082"},"modified":"2025-04-14T22:39:57","modified_gmt":"2025-04-14T22:39:57","slug":"metode-de-livrare","status":"publish","type":"page","link":"https:\/\/frunky2.dev.enovate.ro\/de\/metode-de-livrare\/","title":{"rendered":"Liefermethoden"},"content":{"rendered":"<div data-elementor-type=\"wp-page\" data-elementor-id=\"45082\" class=\"elementor elementor-45082\">\n\t\t\t\t<div class=\"elementor-element elementor-element-035626c e-flex e-con-boxed e-con e-parent\" data-id=\"035626c\" data-element_type=\"container\">\n\t\t\t\t\t<div class=\"e-con-inner\">\n\t\t\t\t<div class=\"elementor-element elementor-element-b6c570e elementor-widget elementor-widget-text-editor\" data-id=\"b6c570e\" data-element_type=\"widget\" data-widget_type=\"text-editor.default\">\n\t\t\t\t<div class=\"elementor-widget-container\">\n\t\t\t\t\t\t\t\t\t<h1>Lieferbedingungen<\/h1>\n<p>Bestellungen k\u00f6nnen pers\u00f6nlich aus Bukarest oder Pitesti abgeholt werden.<br>Die Lieferung erfolgt innerhalb von 3 Werktagen f\u00fcr alle Produkte auf Lager.<br>Die Lieferung im Inland oder au\u00dferhalb Rum\u00e4niens erfolgt durch die Rum\u00e4nische Post. Die Transitzeit h\u00e4ngt vom Liefergebiet ab und variiert zwischen 2 und 5 Tagen.<br>F\u00fcr Lieferungen au\u00dferhalb Rum\u00e4niens betr\u00e4gt die Transitzeit 1-2 Wochen.<br>Nachdem die Produkte versendet wurden, sendet das System eine E-Mail mit allen notwendigen Daten, um die Lieferung zu verfolgen.<\/p>\n<h1>R\u00fcckgabebedingungen<\/h1>\n<p>Im Falle einer Unzufriedenheit kann das Produkt innerhalb von 30 Tagen nach Erhalt zur\u00fcckgegeben werden.<\/p>\t\t\t\t\t\t\t\t<\/div>\n\t\t\t\t<\/div>\n\t\t\t\t\t<\/div>\n\t\t\t\t<\/div>\n\t\t\t\t<\/div>","protected":false},"excerpt":{"rendered":"<p>Bestellungen k\u00f6nnen pers\u00f6nlich von Bukarest oder Pitesti abgeholt werden.Die Lieferung erfolgt in 3 Werktagen f\u00fcr alle Produkte auf Lager.Die Lieferung im Land oder au\u00dferhalb Rum\u00e4niens erfolgt durch die rum\u00e4nische Post. Die Transitzeit h\u00e4ngt vom Liefergebiet ab und variiert zwischen 2 und 5 Tagen.F\u00fcr die Lieferung au\u00dferhalb Rum\u00e4niens [...]<\/p>","protected":false},"author":1,"featured_media":0,"parent":0,"menu_order":0,"comment_status":"closed","ping_status":"closed","template":"elementor_theme","meta":{"footnotes":""},"class_list":["post-45082","page","type-page","status-publish","hentry"],"aioseo_notices":[],"_links":{"self":[{"href":"https:\/\/frunky2.dev.enovate.ro\/de\/wp-json\/wp\/v2\/pages\/45082","targetHints":{"allow":["GET"]}}],"collection":[{"href":"https:\/\/frunky2.dev.enovate.ro\/de\/wp-json\/wp\/v2\/pages"}],"about":[{"href":"https:\/\/frunky2.dev.enovate.ro\/de\/wp-json\/wp\/v2\/types\/page"}],"author":[{"embeddable":true,"href":"https:\/\/frunky2.dev.enovate.ro\/de\/wp-json\/wp\/v2\/users\/1"}],"replies":[{"embeddable":true,"href":"https:\/\/frunky2.dev.enovate.ro\/de\/wp-json\/wp\/v2\/comments?post=45082"}],"version-history":[{"count":20,"href":"https:\/\/frunky2.dev.enovate.ro\/de\/wp-json\/wp\/v2\/pages\/45082\/revisions"}],"predecessor-version":[{"id":45113,"href":"https:\/\/frunky2.dev.enovate.ro\/de\/wp-json\/wp\/v2\/pages\/45082\/revisions\/45113"}],"wp:attachment":[{"href":"https:\/\/frunky2.dev.enovate.ro\/de\/wp-json\/wp\/v2\/media?parent=45082"}],"curies":[{"name":"wp","href":"https:\/\/api.w.org\/{rel}","templated":true}]}}