{"id":14474,"date":"2020-08-19T07:40:26","date_gmt":"2020-08-19T07:40:26","guid":{"rendered":"http:\/\/localhost\/wordpress\/bumbleb\/?page_id=14474"},"modified":"2025-05-04T22:55:10","modified_gmt":"2025-05-04T22:55:10","slug":"intrebari-frecvente","status":"publish","type":"page","link":"https:\/\/frunky2.dev.enovate.ro\/es\/intrebari-frecvente\/","title":{"rendered":"Preguntas frecuentes"},"content":{"rendered":"<div data-elementor-type=\"wp-page\" data-elementor-id=\"14474\" class=\"elementor elementor-14474\">\n\t\t\t\t\t\t<section class=\"elementor-section elementor-top-section elementor-element elementor-element-66e9c05 elementor-section-boxed elementor-section-height-default elementor-section-height-default\" data-id=\"66e9c05\" data-element_type=\"section\">\n\t\t\t\t\t\t<div class=\"elementor-container elementor-column-gap-default\">\n\t\t\t\t\t<div class=\"elementor-column elementor-col-100 elementor-top-column elementor-element elementor-element-4170ba4\" data-id=\"4170ba4\" data-element_type=\"column\">\n\t\t\t<div class=\"elementor-widget-wrap elementor-element-populated\">\n\t\t\t\t\t\t<div class=\"elementor-element elementor-element-ca300dd elementor-view-default elementor-widget elementor-widget-icon\" data-id=\"ca300dd\" data-element_type=\"widget\" data-widget_type=\"icon.default\">\n\t\t\t\t<div class=\"elementor-widget-container\">\n\t\t\t\t\t\t\t<div class=\"elementor-icon-wrapper\">\n\t\t\t<div class=\"elementor-icon\">\n\t\t\t\t\t\t<\/div>\n\t\t<\/div>\n\t\t\t\t\t\t<\/div>\n\t\t\t\t<\/div>\n\t\t\t\t<div class=\"elementor-element elementor-element-ba7f0e9 title-block-1 elementor-widget elementor-widget-heading\" data-id=\"ba7f0e9\" data-element_type=\"widget\" data-widget_type=\"heading.default\">\n\t\t\t\t<div class=\"elementor-widget-container\">\n\t\t\t\t\t<h2 class=\"elementor-heading-title elementor-size-default\">Preguntas frecuentes<\/h2>\t\t\t\t<\/div>\n\t\t\t\t<\/div>\n\t\t\t\t\t<\/div>\n\t\t<\/div>\n\t\t\t\t\t<\/div>\n\t\t<\/section>\n\t\t\t\t<section class=\"elementor-section elementor-top-section elementor-element elementor-element-acbdb48 elementor-section-boxed elementor-section-height-default elementor-section-height-default\" data-id=\"acbdb48\" data-element_type=\"section\">\n\t\t\t\t\t\t<div class=\"elementor-container elementor-column-gap-default\">\n\t\t\t\t\t<div class=\"elementor-column elementor-col-50 elementor-top-column elementor-element elementor-element-2d2b84b\" data-id=\"2d2b84b\" data-element_type=\"column\">\n\t\t\t<div class=\"elementor-widget-wrap elementor-element-populated\">\n\t\t\t\t\t\t<div class=\"elementor-element elementor-element-72c70e8 elementor-widget elementor-widget-heading\" data-id=\"72c70e8\" data-element_type=\"widget\" data-widget_type=\"heading.default\">\n\t\t\t\t<div class=\"elementor-widget-container\">\n\t\t\t\t\t<h2 class=\"elementor-heading-title elementor-size-default\">01. Seguridad<\/h2>\t\t\t\t<\/div>\n\t\t\t\t<\/div>\n\t\t\t\t<div class=\"elementor-element elementor-element-8a84d42 elementor-widget elementor-widget-text-editor\" data-id=\"8a84d42\" data-element_type=\"widget\" data-widget_type=\"text-editor.default\">\n\t\t\t\t<div class=\"elementor-widget-container\">\n\t\t\t\t\t\t\t\t\t<p class=\"p1\"><b>\u00bfExiste alg\u00fan riesgo para calentar o enfriar el motor o la bater\u00eda?<\/b><\/p>\t\t\t\t\t\t\t\t<\/div>\n\t\t\t\t<\/div>\n\t\t\t\t<div class=\"elementor-element elementor-element-19dfa4d elementor-widget elementor-widget-text-editor\" data-id=\"19dfa4d\" data-element_type=\"widget\" data-widget_type=\"text-editor.default\">\n\t\t\t\t<div class=\"elementor-widget-container\">\n\t\t\t\t\t\t\t\t\t<p class=\"p1\">El montaje del frunk no afecta el enfriamiento del motor o la bater\u00eda. El equipo de Frunky ha estado realizando pruebas de temperatura durante m\u00e1s de 2 a\u00f1os en todas las estaciones y no ha habido aumentos de temperatura.<\/p>\t\t\t\t\t\t\t\t<\/div>\n\t\t\t\t<\/div>\n\t\t\t\t<div class=\"elementor-element elementor-element-2ddce35 elementor-widget elementor-widget-text-editor\" data-id=\"2ddce35\" data-element_type=\"widget\" data-widget_type=\"text-editor.default\">\n\t\t\t\t<div class=\"elementor-widget-container\">\n\t\t\t\t\t\t\t\t\t<p class=\"p1\"><b>\u00bfEst\u00e1 entrando agua en Frunky?<\/b><\/p>\t\t\t\t\t\t\t\t<\/div>\n\t\t\t\t<\/div>\n\t\t\t\t<div class=\"elementor-element elementor-element-f82b452 elementor-widget elementor-widget-text-editor\" data-id=\"f82b452\" data-element_type=\"widget\" data-widget_type=\"text-editor.default\">\n\t\t\t\t<div class=\"elementor-widget-container\">\n\t\t\t\t\t\t\t\t\t<p class=\"p1\">Frunky est\u00e1 hecho de pl\u00e1stico para que las salpicaduras de agua que puedan ocurrir al conducir bajo la lluvia o las carreteras mojadas no lleguen a su equipaje. Las queseras que se ofrecen de forma gratuita con cada Frunky a\u00edslan herm\u00e9ticamente el cap\u00f3 contra el agua y el polvo, protegiendo los objetos en el interior, incluido el lavado de autos.<\/p>\t\t\t\t\t\t\t\t<\/div>\n\t\t\t\t<\/div>\n\t\t\t\t<div class=\"elementor-element elementor-element-9342301 elementor-widget elementor-widget-text-editor\" data-id=\"9342301\" data-element_type=\"widget\" data-widget_type=\"text-editor.default\">\n\t\t\t\t<div class=\"elementor-widget-container\">\n\t\t\t\t\t\t\t\t\t<p class=\"p1\"><b>\u00bfSe ve afectada la garant\u00eda de mi coche?<\/b><\/p>\t\t\t\t\t\t\t\t<\/div>\n\t\t\t\t<\/div>\n\t\t\t\t<div class=\"elementor-element elementor-element-ca54782 elementor-widget elementor-widget-text-editor\" data-id=\"ca54782\" data-element_type=\"widget\" data-widget_type=\"text-editor.default\">\n\t\t\t\t<div class=\"elementor-widget-container\">\n\t\t\t\t\t\t\t\t\t<p class=\"p1\">Frunky no afecta la funcionalidad de la m\u00e1quina de ninguna manera y no requiere ninguna modificaci\u00f3n, por lo que no hay ninguna raz\u00f3n por la que perder\u00eda la garant\u00eda. Sin embargo, para un mejor rendimiento de la revisi\u00f3n peri\u00f3dica, recomendamos desmantelar el Frunky antes de las visitas de servicio. El desmontaje y montaje es muy sencillo.<\/p>\t\t\t\t\t\t\t\t<\/div>\n\t\t\t\t<\/div>\n\t\t\t\t\t<\/div>\n\t\t<\/div>\n\t\t\t\t<div class=\"elementor-column elementor-col-50 elementor-top-column elementor-element elementor-element-46827e5\" data-id=\"46827e5\" data-element_type=\"column\">\n\t\t\t<div class=\"elementor-widget-wrap elementor-element-populated\">\n\t\t\t\t\t\t<div class=\"elementor-element elementor-element-97de7fa elementor-widget elementor-widget-heading\" data-id=\"97de7fa\" data-element_type=\"widget\" data-widget_type=\"heading.default\">\n\t\t\t\t<div class=\"elementor-widget-container\">\n\t\t\t\t\t<h2 class=\"elementor-heading-title elementor-size-default\">02. Montaje<\/h2>\t\t\t\t<\/div>\n\t\t\t\t<\/div>\n\t\t\t\t<div class=\"elementor-element elementor-element-e97e387 elementor-widget elementor-widget-text-editor\" data-id=\"e97e387\" data-element_type=\"widget\" data-widget_type=\"text-editor.default\">\n\t\t\t\t<div class=\"elementor-widget-container\">\n\t\t\t\t\t\t\t\t\t<p class=\"p1\"><b>\u00bfC\u00f3mo montar Frunky?<\/b><\/p>\t\t\t\t\t\t\t\t<\/div>\n\t\t\t\t<\/div>\n\t\t\t\t<div class=\"elementor-element elementor-element-20eb60b elementor-widget elementor-widget-text-editor\" data-id=\"20eb60b\" data-element_type=\"widget\" data-widget_type=\"text-editor.default\">\n\t\t\t\t<div class=\"elementor-widget-container\">\n\t\t\t\t\t\t\t\t\t<p class=\"p1\">Frunky se puede montar f\u00e1cilmente en casa. La sujeci\u00f3n se realiza en 10 puntos, utilizando los clips del kit de montaje. Para un mejor aislamiento del Frunky, le ofrecemos un sello de cap\u00f3 de forma gratuita.<\/p><p class=\"p1\">Para m\u00e1s detalles, hemos preparado un tutorial de montaje paso a paso aqu\u00ed.<\/p><p class=\"p2\"><span class=\"s1\">C\u00f3mo montar (<a href=\"https:\/\/www.facebook.com\/share\/r\/1AQKhLxstT\/\"><span class=\"s2\">https:\/\/www.facebook.com\/share\/r\/1AQKhLxstT\/<\/span><\/a><\/span><span class=\"s3\">)<\/span><\/p>\t\t\t\t\t\t\t\t<\/div>\n\t\t\t\t<\/div>\n\t\t\t\t<div class=\"elementor-element elementor-element-8c5f1a8 elementor-widget elementor-widget-text-editor\" data-id=\"8c5f1a8\" data-element_type=\"widget\" data-widget_type=\"text-editor.default\">\n\t\t\t\t<div class=\"elementor-widget-container\">\n\t\t\t\t\t\t\t\t\t<p>Ahora veo el tiempo de entrega m\u00e1s largo de (una parte de) mi pedido. \u00bfC\u00f3mo puedo cancelarlo?<\/p>\t\t\t\t\t\t\t\t<\/div>\n\t\t\t\t<\/div>\n\t\t\t\t<div class=\"elementor-element elementor-element-a0d6221 elementor-widget elementor-widget-text-editor\" data-id=\"a0d6221\" data-element_type=\"widget\" data-widget_type=\"text-editor.default\">\n\t\t\t\t<div class=\"elementor-widget-container\">\n\t\t\t\t\t\t\t\t\t<p>Si el pedido tiene un tiempo de entrega m\u00e1s largo que el que hab\u00eda visto anteriormente, por supuesto es posible cancelar (una parte de) el pedido. Para ello puede ponerse en contacto con nuestro servicio de atenci\u00f3n al cliente. Ellos cancelar\u00e1n el pedido por usted. El importe de la compra ser\u00e1 devuelto a su cuenta bancaria en un plazo de dos d\u00edas laborables. Cuando un pedido ya ha sido enviado, ya no puede ser cancelado.<\/p>\t\t\t\t\t\t\t\t<\/div>\n\t\t\t\t<\/div>\n\t\t\t\t\t<\/div>\n\t\t<\/div>\n\t\t\t\t\t<\/div>\n\t\t<\/section>\n\t\t\t\t<section class=\"elementor-section elementor-top-section elementor-element elementor-element-654ba5d elementor-section-boxed elementor-section-height-default elementor-section-height-default\" data-id=\"654ba5d\" data-element_type=\"section\">\n\t\t\t\t\t\t<div class=\"elementor-container elementor-column-gap-default\">\n\t\t\t\t\t<div class=\"elementor-column elementor-col-50 elementor-top-column elementor-element elementor-element-79cd7ac\" data-id=\"79cd7ac\" data-element_type=\"column\">\n\t\t\t<div class=\"elementor-widget-wrap elementor-element-populated\">\n\t\t\t\t\t\t<div class=\"elementor-element elementor-element-23a61e7 elementor-widget elementor-widget-heading\" data-id=\"23a61e7\" data-element_type=\"widget\" data-widget_type=\"heading.default\">\n\t\t\t\t<div class=\"elementor-widget-container\">\n\t\t\t\t\t<h2 class=\"elementor-heading-title elementor-size-default\">03. Uso<\/h2>\t\t\t\t<\/div>\n\t\t\t\t<\/div>\n\t\t\t\t<div class=\"elementor-element elementor-element-7865024 elementor-widget elementor-widget-text-editor\" data-id=\"7865024\" data-element_type=\"widget\" data-widget_type=\"text-editor.default\">\n\t\t\t\t<div class=\"elementor-widget-container\">\n\t\t\t\t\t\t\t\t\t<p class=\"p1\"><b>\u00bfCu\u00e1l es el volumen de Frunky?<\/b><\/p>\t\t\t\t\t\t\t\t<\/div>\n\t\t\t\t<\/div>\n\t\t\t\t<div class=\"elementor-element elementor-element-5ddc240 elementor-widget elementor-widget-text-editor\" data-id=\"5ddc240\" data-element_type=\"widget\" data-widget_type=\"text-editor.default\">\n\t\t\t\t<div class=\"elementor-widget-container\">\n\t\t\t\t\t\t\t\t\t<p class=\"p1\">Frunky le ofrece un espacio de almacenamiento adicional de alrededor de 40 litros.<\/p>\t\t\t\t\t\t\t\t<\/div>\n\t\t\t\t<\/div>\n\t\t\t\t<div class=\"elementor-element elementor-element-5ab8cef elementor-widget elementor-widget-text-editor\" data-id=\"5ab8cef\" data-element_type=\"widget\" data-widget_type=\"text-editor.default\">\n\t\t\t\t<div class=\"elementor-widget-container\">\n\t\t\t\t\t\t\t\t\t<p class=\"p1\"><b>\u00bfQu\u00e9 tan fuerte es Frunky?<\/b><\/p>\t\t\t\t\t\t\t\t<\/div>\n\t\t\t\t<\/div>\n\t\t\t\t<div class=\"elementor-element elementor-element-4508ca8 elementor-widget elementor-widget-text-editor\" data-id=\"4508ca8\" data-element_type=\"widget\" data-widget_type=\"text-editor.default\">\n\t\t\t\t<div class=\"elementor-widget-container\">\n\t\t\t\t\t\t\t\t\t<p class=\"p1\">Frunky est\u00e1 hecho de material duradero y r\u00edgido y descansa sobre la carrocer\u00eda del autom\u00f3vil, lo que permite el almacenamiento de equipaje pesado sin afectar su forma. El papel ideal para el que se dise\u00f1\u00f3 el concepto Frunky es para almacenar accesorios como cables de carga, kit sanitario, tri\u00e1ngulo reflectante, liberando as\u00ed espacio en el maletero.<span class=\"s1\">.<\/span><\/p>\t\t\t\t\t\t\t\t<\/div>\n\t\t\t\t<\/div>\n\t\t\t\t<div class=\"elementor-element elementor-element-ca4127a elementor-widget elementor-widget-text-editor\" data-id=\"ca4127a\" data-element_type=\"widget\" data-widget_type=\"text-editor.default\">\n\t\t\t\t<div class=\"elementor-widget-container\">\n\t\t\t\t\t\t\t\t\t<p class=\"p1\"><b>\u00bfCu\u00e1nto falta para que llegue Frunky?<\/b><\/p>\t\t\t\t\t\t\t\t<\/div>\n\t\t\t\t<\/div>\n\t\t\t\t<div class=\"elementor-element elementor-element-6389efd elementor-widget elementor-widget-text-editor\" data-id=\"6389efd\" data-element_type=\"widget\" data-widget_type=\"text-editor.default\">\n\t\t\t\t<div class=\"elementor-widget-container\">\n\t\t\t\t\t\t\t\t\tCuando haya pagado el pedido, no recibir\u00e1 autom\u00e1ticamente una factura por su pedido. Si desea recibir una factura, esto se puede hacer de dos maneras.La primera manera es a trav\u00e9s de su cuenta en nuestra tienda. Cuando inicia sesi\u00f3n en su cuenta, puede ver sus pedidos y descargar la factura.\t\t\t\t\t\t\t\t<\/div>\n\t\t\t\t<\/div>\n\t\t\t\t\t<\/div>\n\t\t<\/div>\n\t\t\t\t<div class=\"elementor-column elementor-col-50 elementor-top-column elementor-element elementor-element-76aaebb\" data-id=\"76aaebb\" data-element_type=\"column\">\n\t\t\t<div class=\"elementor-widget-wrap elementor-element-populated\">\n\t\t\t\t\t\t<div class=\"elementor-element elementor-element-9e341b1 elementor-widget elementor-widget-heading\" data-id=\"9e341b1\" data-element_type=\"widget\" data-widget_type=\"heading.default\">\n\t\t\t\t<div class=\"elementor-widget-container\">\n\t\t\t\t\t<h2 class=\"elementor-heading-title elementor-size-default\">04. Entrega<\/h2>\t\t\t\t<\/div>\n\t\t\t\t<\/div>\n\t\t\t\t<div class=\"elementor-element elementor-element-5bfc156 elementor-widget elementor-widget-text-editor\" data-id=\"5bfc156\" data-element_type=\"widget\" data-widget_type=\"text-editor.default\">\n\t\t\t\t<div class=\"elementor-widget-container\">\n\t\t\t\t\t\t\t\t\t\u00bfCu\u00e1ndo recibo mi pedido?\t\t\t\t\t\t\t\t<\/div>\n\t\t\t\t<\/div>\n\t\t\t\t<div class=\"elementor-element elementor-element-bb2f0af elementor-widget elementor-widget-text-editor\" data-id=\"bb2f0af\" data-element_type=\"widget\" data-widget_type=\"text-editor.default\">\n\t\t\t\t<div class=\"elementor-widget-container\">\n\t\t\t\t\t\t\t\t\t<p class=\"p1\">Entregamos Frunky en todo el pa\u00eds dentro de 3 d\u00edas h\u00e1biles. Tambi\u00e9n recibimos pedidos del extranjero, en asociaci\u00f3n con la oficina de correos local, pero la espera valdr\u00e1 la pena, \u00a1te garantizamos!<\/p>\t\t\t\t\t\t\t\t<\/div>\n\t\t\t\t<\/div>\n\t\t\t\t<div class=\"elementor-element elementor-element-c34a0e4 elementor-widget elementor-widget-text-editor\" data-id=\"c34a0e4\" data-element_type=\"widget\" data-widget_type=\"text-editor.default\">\n\t\t\t\t<div class=\"elementor-widget-container\">\n\t\t\t\t\t\t\t\t\t<p class=\"p1\"><b>Si no me gusta Frunky, \u00bfpuedo devolverlo?<\/b><\/p>\t\t\t\t\t\t\t\t<\/div>\n\t\t\t\t<\/div>\n\t\t\t\t<div class=\"elementor-element elementor-element-244190b elementor-widget elementor-widget-text-editor\" data-id=\"244190b\" data-element_type=\"widget\" data-widget_type=\"text-editor.default\">\n\t\t\t\t<div class=\"elementor-widget-container\">\n\t\t\t\t\t\t\t\t\t<p class=\"p1\">Si (poco probable) no le gusta Frunky, puede devolverlo dentro de los 30 d\u00edas, pero solo si el producto no tiene rastro de desgaste. El coste del env\u00edo de devoluci\u00f3n correr\u00e1 a cargo del cliente. Si tiene alguna inquietud despu\u00e9s de recibir Frunky, no dude en ponerse en contacto con nosotros y con gusto podemos ayudarlo.<\/p>\t\t\t\t\t\t\t\t<\/div>\n\t\t\t\t<\/div>\n\t\t\t\t<div class=\"elementor-element elementor-element-eb374a1 elementor-widget elementor-widget-text-editor\" data-id=\"eb374a1\" data-element_type=\"widget\" data-widget_type=\"text-editor.default\">\n\t\t\t\t<div class=\"elementor-widget-container\">\n\t\t\t\t\t\t\t\t\t\u00bfCu\u00e1ndo recibir\u00e9 la factura de mi pedido?\t\t\t\t\t\t\t\t<\/div>\n\t\t\t\t<\/div>\n\t\t\t\t<div class=\"elementor-element elementor-element-7fc4d36 elementor-widget elementor-widget-text-editor\" data-id=\"7fc4d36\" data-element_type=\"widget\" data-widget_type=\"text-editor.default\">\n\t\t\t\t<div class=\"elementor-widget-container\">\n\t\t\t\t\t\t\t\t\tCuando haya pagado el pedido, no recibir\u00e1 autom\u00e1ticamente una factura por su pedido. Si desea recibir una factura, esto se puede hacer de dos maneras.La primera manera es a trav\u00e9s de su cuenta en nuestra tienda. Cuando inicia sesi\u00f3n en su cuenta, puede ver sus pedidos y descargar la factura.\t\t\t\t\t\t\t\t<\/div>\n\t\t\t\t<\/div>\n\t\t\t\t\t<\/div>\n\t\t<\/div>\n\t\t\t\t\t<\/div>\n\t\t<\/section>\n\t\t\t\t<\/div>","protected":false},"excerpt":{"rendered":"<p>Preguntas frecuentes 01. Seguridad \u00bfExiste alg\u00fan riesgo para calentar o enfriar el motor o la bater\u00eda? El montaje del frunk no afecta el enfriamiento del motor o la bater\u00eda. El equipo de Frunky ha estado realizando pruebas de temperatura durante m\u00e1s de 2 a\u00f1os en todas las estaciones y no ha habido aumentos de temperatura. \u00bfEst\u00e1 entrando agua en Frunky? Frunky est\u00e1 hecho de [...]<\/p>","protected":false},"author":1,"featured_media":0,"parent":0,"menu_order":0,"comment_status":"closed","ping_status":"closed","template":"","meta":{"footnotes":""},"class_list":["post-14474","page","type-page","status-publish","hentry"],"aioseo_notices":[],"_links":{"self":[{"href":"https:\/\/frunky2.dev.enovate.ro\/es\/wp-json\/wp\/v2\/pages\/14474","targetHints":{"allow":["GET"]}}],"collection":[{"href":"https:\/\/frunky2.dev.enovate.ro\/es\/wp-json\/wp\/v2\/pages"}],"about":[{"href":"https:\/\/frunky2.dev.enovate.ro\/es\/wp-json\/wp\/v2\/types\/page"}],"author":[{"embeddable":true,"href":"https:\/\/frunky2.dev.enovate.ro\/es\/wp-json\/wp\/v2\/users\/1"}],"replies":[{"embeddable":true,"href":"https:\/\/frunky2.dev.enovate.ro\/es\/wp-json\/wp\/v2\/comments?post=14474"}],"version-history":[{"count":4,"href":"https:\/\/frunky2.dev.enovate.ro\/es\/wp-json\/wp\/v2\/pages\/14474\/revisions"}],"predecessor-version":[{"id":45224,"href":"https:\/\/frunky2.dev.enovate.ro\/es\/wp-json\/wp\/v2\/pages\/14474\/revisions\/45224"}],"wp:attachment":[{"href":"https:\/\/frunky2.dev.enovate.ro\/es\/wp-json\/wp\/v2\/media?parent=14474"}],"curies":[{"name":"wp","href":"https:\/\/api.w.org\/{rel}","templated":true}]}}