{"id":3,"date":"2025-04-07T11:28:53","date_gmt":"2025-04-07T11:28:53","guid":{"rendered":"https:\/\/frunky2.dev.enovate.ro\/?page_id=3"},"modified":"2025-05-15T14:47:01","modified_gmt":"2025-05-15T14:47:01","slug":"termeni-si-conditii","status":"publish","type":"page","link":"https:\/\/frunky2.dev.enovate.ro\/es\/termeni-si-conditii\/","title":{"rendered":"T\u00e9rminos y Condiciones"},"content":{"rendered":"<div data-elementor-type=\"wp-page\" data-elementor-id=\"3\" class=\"elementor elementor-3\">\n\t\t\t\t<div class=\"elementor-element elementor-element-e0de312 e-flex e-con-boxed e-con e-parent\" data-id=\"e0de312\" data-element_type=\"container\">\n\t\t\t\t\t<div class=\"e-con-inner\">\n\t\t\t\t<div class=\"elementor-element elementor-element-3288dc4b elementor-widget elementor-widget-text-editor\" data-id=\"3288dc4b\" data-element_type=\"widget\" data-widget_type=\"text-editor.default\">\n\t\t\t\t<div class=\"elementor-widget-container\">\n\t\t\t\t\t\t\t\t\t<p><\/p>\n<h1 class=\"wp-block-heading\">T\u00e9rminos y Condiciones<\/h1>\n<p>frunky.ro es propiedad de Green Hub SRL, inscrita en el Registro Mercantil con el n\u00famero J03\/736\/2022 y con el c\u00f3digo de registro \u00fanico: 45853806. El uso de este sitio, incluyendo la visita y compra de productos de www.frunky.ro o frunky.ro, como se indica a continuaci\u00f3n, implica la aceptaci\u00f3n de los t\u00e9rminos y condiciones a continuaci\u00f3n. Le recomendamos que las lea detenidamente. Green Hub SRL asume el derecho de cambiar estas disposiciones sin previo aviso.<\/p>\n<h1>Acceso a la informaci\u00f3n en el sitio web<\/h1>\n<p>Green Hub SRL garantiza al usuario un acceso limitado, en su inter\u00e9s personal, al sitio frunky.ro y no le otorga el derecho de descargar o modificar parte o la totalidad del sitio, de reproducir parte o la totalidad del sitio, de copiar, vender \/ revender o explotar el sitio de cualquier otra manera, con fines comerciales o contrarios a los intereses de Green Hub SRL sin su consentimiento previo por escrito. Usted tiene un derecho limitado, no exclusivo y revocable para crear un enlace web (enlace) a la p\u00e1gina principal del sitio frunky.ro, o a cualquier otra p\u00e1gina, siempre y cuando no traiga ninguna deficiencia de ning\u00fan tipo a Green Hub SRL o cualquiera de nuestros socios, solo despu\u00e9s de obtener nuestro consentimiento por escrito.<\/p>\n<h1>Comunicaci\u00f3n electr\u00f3nica<\/h1>\n<p>Cuando visita frunky.ro o nos env\u00eda correos electr\u00f3nicos, significa que se comunica con nosotros electr\u00f3nicamente. Usted acepta que todas estas comunicaciones: correos electr\u00f3nicos, notas, convenciones, boletines, noticias o cualquier otro tipo de informaci\u00f3n que proporcionemos electr\u00f3nicamente, satisfacen todos los requisitos de la legislaci\u00f3n nacional y europea. Su aceptaci\u00f3n de comunicarse con nosotros por este medio, ya sea que solo reciba esta informaci\u00f3n o tambi\u00e9n si nos env\u00eda informaci\u00f3n electr\u00f3nicamente, es una aceptaci\u00f3n equivalente a una firma manuscrita en cualquier documento f\u00edsico, como si esta informaci\u00f3n se imprimiera en un medio f\u00edsico, por escrito. Usted y Green Hub SRL tambi\u00e9n acuerdan cumplir con exactamente lo que se comunica electr\u00f3nicamente, haciendo que el uso de dichas comunicaciones est\u00e9 sujeto a este documento llamado T\u00e9rminos y Condiciones.<\/p>\n<h1>Derechos de autor<\/h1>\n<p>Todo el contenido del sitio frunky.ro - im\u00e1genes, textos, gr\u00e1ficos, s\u00edmbolos, gr\u00e1ficos web, correos electr\u00f3nicos, scripts, programas y otros datos - es propiedad de Green Hub SRL y sus proveedores y est\u00e1 protegido por la Ley de Protecci\u00f3n de Derechos de Autor (Ley n.o 8\/1996) y las leyes de propiedad intelectual e industrial. El uso sin el consentimiento por escrito de Green Hub SRL de cualquiera de los elementos enumerados anteriormente es punible de acuerdo con las leyes vigentes. Est\u00e1 permitido utilizar el sitio frunky.ro solo dentro de los l\u00edmites mencionados en el art\u00edculo 1 de este documento.<\/p>\n<p>Si usted nota una infracci\u00f3n de derechos de autor, por favor rep\u00f3rtelo a contact@frunky.ro<\/p>\n<h1>Comentarios y otras comunicaciones de los usuarios<\/h1>\n<p>Los usuarios que acceden al sitio https:\/\/frunky.ro pueden hacer comentarios sobre \u00e9l y los productos ofrecidos, que pueden publicarse en el sitio despu\u00e9s de la aprobaci\u00f3n previa. Green Hub SRL se reserva el derecho, pero no la obligaci\u00f3n, de no publicar en el sitio comentarios con contenido ilegal, obsceno, amenazante y difamatorio que de alguna manera perturbe la privacidad de otras personas, infrinja los derechos de propiedad intelectual, contenga virus, textos dirigidos a diversas campa\u00f1as promocionales, cartas en cadena, correos electr\u00f3nicos masivos o cualquier otra forma de spam. Green Hub SRL no ser\u00e1 responsable de ninguna compensaci\u00f3n por cualquier da\u00f1o causado por tales comentarios o comunicaciones. En el caso de env\u00edo de informaci\u00f3n distinta a las relacionadas con el proceso de compra\/venta de productos, se considera que el usuario otorga a Green Hub SRL y sus afiliados\/as el derecho no exclusivo, ilimitado, gratuito, irrevocable y retransmitible de utilizar, reproducir, modificar, adaptar, publicar, traducir, as\u00ed como el derecho de distribuirlo a trav\u00e9s de cualquier medio en cualquier parte del mundo. El usuario garantiza que tiene todos los derechos sobre el contenido que transmite para ser publicado en el sitio, por cualquier medio, para que al usar este contenido, no cause da\u00f1o a ninguna persona. Green Hub SRL no asume ninguna responsabilidad por los posibles da\u00f1os causados por el uso del contenido de estos comentarios por parte de los usuarios del sitio, se ofrecen bajo la misma limitaci\u00f3n de responsabilidad que el resto del contenido del sitio, de acuerdo con los art\u00edculos de este documento.<\/p>\n<h1>Acerca de los productos y servicios<\/h1>\n<p>Green Hub SRL no ofrece ninguna garant\u00eda, expresa o impl\u00edcita, con respecto a la inclusi\u00f3n, pero no limitada a, el funcionamiento de este sitio, la informaci\u00f3n, la exactitud de las descripciones, la actualizaci\u00f3n y actualizaci\u00f3n del contenido, materiales o productos en el sitio, as\u00ed como su idoneidad para un prop\u00f3sito particular. Los usuarios aceptan expresamente que el uso de este sitio y la compra de productos o servicios relacionados es bajo su propio riesgo. Las im\u00e1genes publicadas en el sitio son, por ejemplo, y los productos entregados pueden diferir de las im\u00e1genes presentadas de cualquier manera (color, accesorios, apariencia, etc.). El contenido de frunky.ro (textos, descripciones de productos, caracter\u00edsticas t\u00e9cnicas, im\u00e1genes, s\u00edmbolos) se realiza en estrecha colaboraci\u00f3n con los proveedores. Por esta raz\u00f3n, Green Hub SRL no asume responsabilidad por las descripciones y especificaciones de los productos mostrados en el sitio frunky.ro, que son id\u00e9nticos a los puestos a nuestra disposici\u00f3n por los representantes de cada marca. Green Hub SRL y sus socios se reservan el derecho de cambiar las especificaciones t\u00e9cnicas de los productos sin previo aviso. Los productos y servicios se ofrecen \u00abtal cual\u00bb y mientras duren las existencias. Por esta raz\u00f3n, Green Hub SRL asume el derecho de no cumplir con un pedido determinado si el producto respectivo desaparece de la oferta actual del importador o distribuidor.<\/p>\n<h1>Acerca de los precios<\/h1>\n<p>Los precios incluyen el IVA. Los precios no incluyen los gastos de env\u00edo, a menos que se indique expresamente lo contrario en el sitio web. El precio de compra impreso en la factura final ser\u00e1 el mismo que el establecido por el asesor de ventas en el momento de confirmar el pedido como el pedido en firme, o, en el caso de pedidos con pago en l\u00ednea directamente con tarjeta de cr\u00e9dito, este precio ser\u00e1 el publicado en el sitio en el momento de la compra. No hay l\u00edmite de precio m\u00ednimo para realizar un pedido. A pesar de nuestros esfuerzos, un peque\u00f1o n\u00famero de productos puede tener precios incorrectos en el sitio, establecidos err\u00f3neamente por nuestro sistema inform\u00e1tico. En estas circunstancias, el precio final siempre se considera el aceptado por el cliente en las discusiones con nuestros consultores de ventas. Si el precio real del producto es m\u00e1s alto que el precio mostrado en el sitio, nuestros consultores de ventas tienen derecho a satisfacer su solicitud de entregarle el producto al precio publicado en el sitio solo en la medida en que podamos hacerlo, ya que tambi\u00e9n tiene derecho a rechazar el pedido respectivo. Si el precio real es m\u00e1s bajo que el precio publicado en el sitio, y usted ha pagado el precio por adelantado por diferentes m\u00e9todos (OP, tarjeta bancaria, etc.), la diferencia se le devolver\u00e1 seg\u00fan lo acordado mutuamente, pero no m\u00e1s tarde de 14 d\u00edas a partir de la fecha de recepci\u00f3n del producto. Nos reservamos el derecho de no cumplir un pedido si, debido a un error t\u00e9cnico, el precio de venta final de un producto en el pedido es tan desproporcionado con respecto al precio anterior de ese producto que el precio es rid\u00edculo. Notificaremos al cliente lo antes posible sobre el error ocurrido.<\/p>\n<h1>Acerca de las existencias<\/h1>\n<p>El stock que se muestra en el sitio es su propio stock, y frunky.ro actualiza el stock del sitio semanalmente para proporcionar la mejor informaci\u00f3n. Para evitar cualquier problema relacionado con la disponibilidad del producto, p\u00f3ngase en contacto con los representantes de frunky.ro por tel\u00e9fono o correo electr\u00f3nico. Por lo tanto, Green Hub SRL no puede garantizar la disponibilidad en existencias de todos los productos mostrados. Nos reservamos el derecho de no cumplir con un pedido en particular si ese producto desaparece de la oferta actual, no est\u00e1 en stock, ya no se fabrica o por cualquier otra raz\u00f3n que pueda conducir a la imposibilidad de entrega.<\/p>\n<h1>Acerca de la entrega<\/h1>\n<p>La entrega de los productos se realiza en cualquier lugar de Rumania. Green Hub SRL se reserva el derecho de confirmar los pedidos antes de cumplirlos poni\u00e9ndose en contacto con los clientes. El coste del transporte correr\u00e1 a cargo del comprador, salvo que se especifique lo contrario, y se pondr\u00e1 en conocimiento del cliente en el momento de la confirmaci\u00f3n del pedido. El coste de env\u00edo no ser\u00e1 reembolsado en caso de devoluci\u00f3n de los productos. Green Hub SRL se reserva el derecho de retrasar o cancelar las entregas de los productos pedidos si no pueden ser honrados por razones independientes de Green Hub SRL que incluyen: incendios, explosiones, inundaciones, epidemias, huelgas, acciones gubernamentales, guerras, actos de terrorismo, protestas, disturbios, disturbios civiles u otros impedimentos de fuerza mayor de acuerdo con las costumbres de la ley rumana. La aceptaci\u00f3n de los productos representa la aceptaci\u00f3n del cliente de que los productos han llegado en buenas condiciones. La cantidad m\u00e1xima de da\u00f1os que Green Hub SRL puede pagar a cualquier cliente en caso de no entrega o entrega incorrecta es la cantidad recaudada por Green Hub SRL de este cliente. Esto tambi\u00e9n se aplica a la devoluci\u00f3n de productos.<\/p>\n<h1>Sobre el pago<\/h1>\n<p>El pago de los productos pedidos en virtud de estos T\u00e9rminos y Condiciones se puede hacer por adelantado o en el momento de la entrega de los productos. Green Hub SRL se reserva el derecho en ciertos casos de solicitar el pago de los productos por adelantado. El pago anticipado se puede hacer por transferencia bancaria o por orden de pago; El comprobante de pago debe enviarse a Green Hub SRL a la direcci\u00f3n de correo electr\u00f3nico frunky.ro@gmail.com \/ o por whatsapp +40 771 226 393. La entrega se realizar\u00e1 solo despu\u00e9s de que el dinero se haya ingresado en la cuenta Green Hub SRL. El pago anticipado tambi\u00e9n se considera pago con tarjeta de cr\u00e9dito en l\u00ednea. En este caso, Green Hub SRL pedir\u00e1 al procesador de pagos electr\u00f3nicos que confirme la seguridad y validez de la transacci\u00f3n, y llevar\u00e1 a cabo comprobaciones adicionales cuando corresponda, antes de entregar los productos, esta verificaci\u00f3n puede incluso conducir a la cancelaci\u00f3n del pedido respectivo por razones de seguridad. Los productos pedidos deben ser pagados en su totalidad, de lo contrario no se realizar\u00e1 la entrega.<\/p>\n<h1>Acerca de la garant\u00eda y el servicio<\/h1>\n<p>frunky.ro ofrece para todos los productos vendidos en el sitio la Garant\u00eda de Devoluci\u00f3n sin problemas durante 14 d\u00edas a partir de la fecha de compra del producto. Adem\u00e1s de esta garant\u00eda, algunos productos se benefician de la garant\u00eda del fabricante, esta informaci\u00f3n se puede encontrar en la p\u00e1gina del fabricante. En caso de encontrar defectos en los productos comprados a frunky.ro.<\/p>\n<h1>Enlaces a otros sitios web, servidor, navegador<\/h1>\n<p>El sitio web frunky.ro est\u00e1 alojado en los servidores de una empresa de terceros. Green Hub SRL no se hace responsable de ning\u00fan error que ocurra en el sitio, independientemente de las razones de su ocurrencia, incluidos los cambios, la configuraci\u00f3n o las actualizaciones del sitio. Green Hub SRL no se hace responsable de los errores ocurridos debido al uso de ciertos navegadores para visitar el sitio frunky.ro. Green Hub SRL no es responsable del contenido, la calidad o la naturaleza de los sitios a los que se llega a trav\u00e9s de enlaces en el sitio www.frunky.ro. Para estos sitios, los propietarios de los sitios en cuesti\u00f3n son totalmente responsables.<\/p>\n<h1>Condiciones de uso del bolet\u00edn<\/h1>\n<p>Suscribirse y darse de baja del bolet\u00edn distribuido por el sitio frunky.ro es gratuito y voluntario, lo que implica la aceptaci\u00f3n de los siguientes t\u00e9rminos de uso. Los mensajes enviados no son no solicitados y puede darse de baja en cualquier momento siguiendo las instrucciones en el pie de p\u00e1gina de cada correo electr\u00f3nico. Los mensajes enviados cumplen con la Ley de Comercio Electr\u00f3nico en relaci\u00f3n con la comunicaci\u00f3n comercial seg\u00fan lo estipulado por la legislaci\u00f3n rumana e internacional. El uso del bolet\u00edn se realiza bajo las mismas condiciones de limitaci\u00f3n de responsabilidad en t\u00e9rminos de contenido que el uso del sitio est\u00e1 autorizado, bajo las condiciones establecidas en este documento (ver Art\u00edculos 4 a 10), y la pol\u00edtica de privacidad se describe con m\u00e1s detalle en la secci\u00f3n de Privacidad a continuaci\u00f3n. Green Hub SRL posee todos los derechos sobre el contenido del bolet\u00edn enviado a los suscriptores en las mismas condiciones que para la informaci\u00f3n publicada en el sitio (v\u00e9anse los art\u00edculos 1 y 3), de conformidad con las disposiciones de este documento. Los suscriptores del bolet\u00edn de frunky.ro pueden reenviar estas comunicaciones comerciales a otras personas, bajo su responsabilidad, y siempre que no hayan cambiado ni la estructura ni el contenido de los respectivos mensajes. Se considera que las personas que han recibido mensajes comerciales de los suscriptores del bolet\u00edn frunky.ro han sido informadas previamente por los suscriptores sobre las disposiciones de este documento. En este contexto, Green Hub SRL no puede ser considerado responsable de ninguna manera por las acciones de sus suscriptores. Green Hub SRL se reserva el derecho de restringir el acceso de cualquier suscriptor al bolet\u00edn, despu\u00e9s de una notificaci\u00f3n previa, o sin notificaci\u00f3n previa, sobre esta intenci\u00f3n, si Green Hub SRL tiene alguna raz\u00f3n para creer que ese suscriptor no cumple con las disposiciones de este documento.<\/p>\n<h1>Derecho a devolver los productos<\/h1>\n<p>El cliente tiene derecho a notificar a Green Hub SRL por escrito que renuncia a la compra, sin penalizaci\u00f3n y sin invocar una raz\u00f3n, en un plazo de 14 d\u00edas naturales a partir de la recepci\u00f3n del producto o, en el caso de los servicios, a partir de la celebraci\u00f3n del contrato, devolviendo dentro de este per\u00edodo el producto comprado en el embalaje original, con todos los accesorios y sin mostrar ning\u00fan rastro de da\u00f1o o desgaste, el cliente asume los gastos de env\u00edo de acuerdo con la legislaci\u00f3n rumana. Este derecho no puede ser invocado en el caso de productos tomados de nuestras instalaciones o aquellos entregados directamente por nuestro personal al cliente o para los cuales se realiz\u00f3 la muestra. Las solicitudes de devoluci\u00f3n de productos se realizar\u00e1n rellenando un correo electr\u00f3nico a: frunky.ro@gmail.com<\/p>\n<h1>Disposiciones finales<\/h1>\n<p>Cualquier otro problema causado por los productos y servicios presentados en frunky.ro, o por la informaci\u00f3n presentada en este sitio, y que a\u00fan no se haya tratado en ning\u00fan art\u00edculo de este documento, se resolver\u00e1 de manera amistosa dentro de los 14 d\u00edas h\u00e1biles a partir de la fecha de notificaci\u00f3n por escrito de los problemas por parte del usuario. Si el conflicto no se ha resuelto de forma amistosa, la competencia recae en los tribunales rumanos o en un organismo alternativo de resoluci\u00f3n de litigios, acordado por ambas partes. Al aceptar estos T\u00e9rminos y Condiciones de Uso del sitio frunky.ro, el cliente asume plenamente estos riesgos.<\/p>\n<h1>Confidencialidad<\/h1>\n<p>Respetamos estrictamente la confidencialidad de los datos de los clientes y nos comprometemos a no transmitir los datos personales de los clientes a terceros y a utilizarlos exclusivamente para la finalidad para la que fueron introducidos (pedidos) y para informaci\u00f3n comercial sobre esta tienda. No alentamos el SPAM, no proporcionamos su direcci\u00f3n de correo electr\u00f3nico a terceros (personas f\u00edsicas o jur\u00eddicas), no vendemos, no ofrecemos, no intercambiamos direcciones de correo electr\u00f3nico obtenidas a trav\u00e9s de este sitio, no revelamos su direcci\u00f3n de correo electr\u00f3nico a otros que acceden a las p\u00e1ginas de este sitio.<\/p>\n<p>De conformidad con los requisitos de la Ley n.o 677\/2001, relativa a la protecci\u00f3n de las personas f\u00edsicas en lo que respecta al tratamiento de datos personales y a la libre circulaci\u00f3n de estos datos, en su versi\u00f3n modificada y completada, y de la Ley n.o 506\/2004, relativa al tratamiento de los datos personales y a la protecci\u00f3n de la intimidad en el sector de las comunicaciones electr\u00f3nicas, Green Hub SRL tiene la obligaci\u00f3n de gestionar de forma segura y solo para los fines especificados, los datos personales que facilite sobre usted u otra persona. El prop\u00f3sito de la recopilaci\u00f3n de datos personales es operar y entregar sus pedidos.<\/p>\n<p>De conformidad con la Ley n.o 677\/2001, tiene derecho de acceso, intervenci\u00f3n en materia de datos, derecho a no ser objeto de una decisi\u00f3n individual y derecho a recurrir ante la justicia. Al mismo tiempo, tiene derecho a oponerse al procesamiento de los datos personales que le conciernen y a solicitar la eliminaci\u00f3n de los datos. Para ejercer estos derechos, puede dirigir una solicitud escrita, fechada y firmada por correo postal a nuestra empresa.<\/p>\n<p>frunky.ro otorga al usuario el derecho de cambiar sus datos de contacto que haya registrado, algunos aspectos que le interesan, incluida la nueva informaci\u00f3n sobre productos y servicios lanzados. Tambi\u00e9n puede solicitarnos que eliminemos sus datos en cualquier momento enviando un correo electr\u00f3nico a frunky.ro@gmail.com.<\/p>\t\t\t\t\t\t\t\t<\/div>\n\t\t\t\t<\/div>\n\t\t\t\t\t<\/div>\n\t\t\t\t<\/div>\n\t\t\t\t<\/div>","protected":false},"excerpt":{"rendered":"<p>T\u00e9rminos y Condiciones frunky.ro es propiedad de Green Hub SRL, inscrita en el Registro Mercantil con el n\u00famero J03\/736\/2022 y con el C\u00f3digo \u00danico de Registro: 45853806. El uso de este sitio, incluyendo la visita y compra de productos de www.frunky.ro o frunky.ro, como se indica a continuaci\u00f3n, implica la aceptaci\u00f3n de los t\u00e9rminos y condiciones a continuaci\u00f3n. Recomendamos leer con [...]<\/p>","protected":false},"author":1,"featured_media":0,"parent":0,"menu_order":0,"comment_status":"closed","ping_status":"open","template":"","meta":{"footnotes":""},"class_list":["post-3","page","type-page","status-publish","hentry"],"aioseo_notices":[],"_links":{"self":[{"href":"https:\/\/frunky2.dev.enovate.ro\/es\/wp-json\/wp\/v2\/pages\/3","targetHints":{"allow":["GET"]}}],"collection":[{"href":"https:\/\/frunky2.dev.enovate.ro\/es\/wp-json\/wp\/v2\/pages"}],"about":[{"href":"https:\/\/frunky2.dev.enovate.ro\/es\/wp-json\/wp\/v2\/types\/page"}],"author":[{"embeddable":true,"href":"https:\/\/frunky2.dev.enovate.ro\/es\/wp-json\/wp\/v2\/users\/1"}],"replies":[{"embeddable":true,"href":"https:\/\/frunky2.dev.enovate.ro\/es\/wp-json\/wp\/v2\/comments?post=3"}],"version-history":[{"count":13,"href":"https:\/\/frunky2.dev.enovate.ro\/es\/wp-json\/wp\/v2\/pages\/3\/revisions"}],"predecessor-version":[{"id":45307,"href":"https:\/\/frunky2.dev.enovate.ro\/es\/wp-json\/wp\/v2\/pages\/3\/revisions\/45307"}],"wp:attachment":[{"href":"https:\/\/frunky2.dev.enovate.ro\/es\/wp-json\/wp\/v2\/media?parent=3"}],"curies":[{"name":"wp","href":"https:\/\/api.w.org\/{rel}","templated":true}]}}