{"id":45082,"date":"2025-04-14T22:27:55","date_gmt":"2025-04-14T22:27:55","guid":{"rendered":"https:\/\/frunky2.dev.enovate.ro\/?page_id=45082"},"modified":"2025-04-14T22:39:57","modified_gmt":"2025-04-14T22:39:57","slug":"metode-de-livrare","status":"publish","type":"page","link":"https:\/\/frunky2.dev.enovate.ro\/es\/metode-de-livrare\/","title":{"rendered":"M\u00e9todos de entrega"},"content":{"rendered":"<div data-elementor-type=\"wp-page\" data-elementor-id=\"45082\" class=\"elementor elementor-45082\">\n\t\t\t\t<div class=\"elementor-element elementor-element-035626c e-flex e-con-boxed e-con e-parent\" data-id=\"035626c\" data-element_type=\"container\">\n\t\t\t\t\t<div class=\"e-con-inner\">\n\t\t\t\t<div class=\"elementor-element elementor-element-b6c570e elementor-widget elementor-widget-text-editor\" data-id=\"b6c570e\" data-element_type=\"widget\" data-widget_type=\"text-editor.default\">\n\t\t\t\t<div class=\"elementor-widget-container\">\n\t\t\t\t\t\t\t\t\t<h1>Condiciones de entrega<\/h1>\n<p>Los pedidos se pueden recoger personalmente en Bucarest o Pitesti.<br>La entrega se realiza dentro de 3 d\u00edas h\u00e1biles para todos los productos en stock.<br>La entrega en el pa\u00eds o fuera de Rumania se realiza por correo rumano. El tiempo de tr\u00e1nsito depende del \u00e1rea de entrega y var\u00eda entre 2 y 5 d\u00edas.<br>Para la entrega fuera de Rumania el tiempo de tr\u00e1nsito es de 1-2 semanas.<br>Una vez que los productos han sido enviados, el sistema env\u00eda un correo electr\u00f3nico con todos los datos necesarios para rastrear la entrega.<\/p>\n<h1>Condiciones de devoluci\u00f3n<\/h1>\n<p>En caso de cualquier insatisfacci\u00f3n, el producto puede ser devuelto dentro de los 30 d\u00edas posteriores a su recepci\u00f3n.<\/p>\t\t\t\t\t\t\t\t<\/div>\n\t\t\t\t<\/div>\n\t\t\t\t\t<\/div>\n\t\t\t\t<\/div>\n\t\t\t\t<\/div>","protected":false},"excerpt":{"rendered":"<p>Los pedidos se pueden recoger personalmente en Bucarest o Pitesti.La entrega se realiza en 3 d\u00edas h\u00e1biles para todos los productos en stock.La entrega en el pa\u00eds o fuera de Rumania se realiza por correo rumano. El tiempo de tr\u00e1nsito depende de la zona de entrega y var\u00eda entre 2 y 5 d\u00edas.Para la entrega fuera de Rumania [...]<\/p>","protected":false},"author":1,"featured_media":0,"parent":0,"menu_order":0,"comment_status":"closed","ping_status":"closed","template":"elementor_theme","meta":{"footnotes":""},"class_list":["post-45082","page","type-page","status-publish","hentry"],"aioseo_notices":[],"_links":{"self":[{"href":"https:\/\/frunky2.dev.enovate.ro\/es\/wp-json\/wp\/v2\/pages\/45082","targetHints":{"allow":["GET"]}}],"collection":[{"href":"https:\/\/frunky2.dev.enovate.ro\/es\/wp-json\/wp\/v2\/pages"}],"about":[{"href":"https:\/\/frunky2.dev.enovate.ro\/es\/wp-json\/wp\/v2\/types\/page"}],"author":[{"embeddable":true,"href":"https:\/\/frunky2.dev.enovate.ro\/es\/wp-json\/wp\/v2\/users\/1"}],"replies":[{"embeddable":true,"href":"https:\/\/frunky2.dev.enovate.ro\/es\/wp-json\/wp\/v2\/comments?post=45082"}],"version-history":[{"count":20,"href":"https:\/\/frunky2.dev.enovate.ro\/es\/wp-json\/wp\/v2\/pages\/45082\/revisions"}],"predecessor-version":[{"id":45113,"href":"https:\/\/frunky2.dev.enovate.ro\/es\/wp-json\/wp\/v2\/pages\/45082\/revisions\/45113"}],"wp:attachment":[{"href":"https:\/\/frunky2.dev.enovate.ro\/es\/wp-json\/wp\/v2\/media?parent=45082"}],"curies":[{"name":"wp","href":"https:\/\/api.w.org\/{rel}","templated":true}]}}