{"id":3,"date":"2025-04-07T11:28:53","date_gmt":"2025-04-07T11:28:53","guid":{"rendered":"https:\/\/frunky2.dev.enovate.ro\/?page_id=3"},"modified":"2025-05-15T14:47:01","modified_gmt":"2025-05-15T14:47:01","slug":"termeni-si-conditii","status":"publish","type":"page","link":"https:\/\/frunky2.dev.enovate.ro\/fr\/termeni-si-conditii\/","title":{"rendered":"Termes et conditions"},"content":{"rendered":"<div data-elementor-type=\"wp-page\" data-elementor-id=\"3\" class=\"elementor elementor-3\">\n\t\t\t\t<div class=\"elementor-element elementor-element-e0de312 e-flex e-con-boxed e-con e-parent\" data-id=\"e0de312\" data-element_type=\"container\">\n\t\t\t\t\t<div class=\"e-con-inner\">\n\t\t\t\t<div class=\"elementor-element elementor-element-3288dc4b elementor-widget elementor-widget-text-editor\" data-id=\"3288dc4b\" data-element_type=\"widget\" data-widget_type=\"text-editor.default\">\n\t\t\t\t<div class=\"elementor-widget-container\">\n\t\t\t\t\t\t\t\t\t<p><\/p>\n<h1 class=\"wp-block-heading\">Termes et conditions<\/h1>\n<p>frunky.ro appartient \u00e0 Green Hub SRL, inscrite au registre du commerce sous le num\u00e9ro J03\/736\/2022 et ayant le code d\u2019enregistrement unique: 45853806. L'utilisation de ce site, y compris la visite et l'achat de produits \u00e0 partir de www.frunky.ro ou frunky.ro, comme ci-apr\u00e8s mentionn\u00e9, implique l'acceptation des termes et conditions ci-dessous. Nous vous recommandons de les lire attentivement. Green Hub SRL se r\u00e9serve le droit de modifier ces dispositions sans pr\u00e9avis.<\/p>\n<h1>Acc\u00e8s \u00e0 l'information sur le site<\/h1>\n<p>Green Hub SRL garantit \u00e0 l'utilisateur un acc\u00e8s limit\u00e9, dans son int\u00e9r\u00eat personnel, au site frunky.ro et ne lui accorde pas le droit de t\u00e9l\u00e9charger ou de modifier tout ou partie du site, de reproduire tout ou partie du site, de copier, vendre \/ revendre ou exploiter le site de toute autre mani\u00e8re, \u00e0 des fins commerciales ou contraires aux int\u00e9r\u00eats de Green Hub SRL sans son consentement \u00e9crit pr\u00e9alable. Vous disposez d'un droit limit\u00e9, non exclusif et r\u00e9vocable de cr\u00e9er un lien web (lien) vers la page principale du site frunky.ro, ou vers toute autre page, \u00e0 condition qu'il n'apporte aucune lacune de quelque nature que ce soit \u00e0 Green Hub SRL ou \u00e0 l'un de nos partenaires, uniquement apr\u00e8s avoir obtenu notre consentement \u00e9crit.<\/p>\n<h1>Communication \u00e9lectronique<\/h1>\n<p>Lorsque vous visitez frunky.ro ou nous envoyez des e-mails, cela signifie que vous communiquez avec nous par voie \u00e9lectronique. Vous acceptez que toutes ces communications: e-mails, notes, conventions, newsletters, actualit\u00e9s, ou tout autre type d'informations que nous fournissons par voie \u00e9lectronique, r\u00e9pondent \u00e0 toutes les exigences de la l\u00e9gislation nationale et europ\u00e9enne. Votre acceptation de communiquer avec nous par ce moyen, que vous receviez uniquement ces informations ou \u00e9galement si vous nous envoyez des informations par voie \u00e9lectronique, est une acceptation \u00e9quivalente \u00e0 une signature manuscrite sur tout document physique, comme si ces informations \u00e9taient imprim\u00e9es sur un support physique, par \u00e9crit. Vous et Green Hub SRL acceptez \u00e9galement de vous conformer exactement \u00e0 ce qui est communiqu\u00e9 par voie \u00e9lectronique, en soumettant l'utilisation de ces communications \u00e0 ce document appel\u00e9 Termes et Conditions.<\/p>\n<h1>Droit d'auteur<\/h1>\n<p>L'ensemble du contenu du site frunky.ro - images, textes, graphiques, symboles, graphiques Web, e-mails, scripts, programmes et autres donn\u00e9es - est la propri\u00e9t\u00e9 de Green Hub SRL et de ses fournisseurs et est prot\u00e9g\u00e9 par la loi sur la protection des droits d'auteur (loi n\u00b0 8\/1996) et les lois sur la propri\u00e9t\u00e9 intellectuelle et industrielle. L'utilisation sans le consentement \u00e9crit de Green Hub SRL de l'un des \u00e9l\u00e9ments \u00e9num\u00e9r\u00e9s ci-dessus est punissable selon les lois en vigueur. Il est permis d'utiliser le site frunky.ro uniquement dans les limites mentionn\u00e9es \u00e0 l'article 1 du pr\u00e9sent document.<\/p>\n<p>Si vous constatez une violation du droit d'auteur, veuillez le signaler \u00e0 contact@frunky.ro<\/p>\n<h1>Commentaires et autres communications des utilisateurs<\/h1>\n<p>Les utilisateurs qui acc\u00e8dent au site https:\/\/frunky.ro peuvent faire des commentaires \u00e0 son sujet et sur les produits propos\u00e9s, qui peuvent \u00eatre publi\u00e9s sur le site apr\u00e8s approbation pr\u00e9alable. Green Hub SRL se r\u00e9serve le droit, mais non l'obligation, de ne pas publier sur le site des commentaires contenant des contenus ill\u00e9gaux, obsc\u00e8nes, mena\u00e7ants, diffamatoires qui, de quelque mani\u00e8re que ce soit, perturbent la vie priv\u00e9e d'autres personnes, enfreignent les droits de propri\u00e9t\u00e9 intellectuelle, contiennent des virus, des textes ciblant diverses campagnes promotionnelles, des cha\u00eenes de lettres, des courriels de masse ou toute autre forme de spam. Green Hub SRL ne saurait \u00eatre tenu responsable d'une quelconque indemnisation pour tout dommage caus\u00e9 par de tels commentaires ou communications. Dans le cas de l'envoi d'informations autres que celles li\u00e9es au processus d'achat \/ vente de produits, il est consid\u00e9r\u00e9 que l'utilisateur donne \u00e0 Green Hub SRL et \u00e0 ses affili\u00e9s \/ associ\u00e9s le droit non exclusif, illimit\u00e9, gratuit, irr\u00e9vocable et retransmettable d'utiliser, reproduire, modifier, adapter, publier, traduire, ainsi que le droit de le distribuer \u00e0 travers tous les m\u00e9dias partout dans le monde. L'utilisateur garantit qu'il a tous les droits sur le contenu qu'il transmet pour \u00eatre publi\u00e9 sur le site, par quelque moyen que ce soit, de sorte qu'en utilisant ce contenu, il ne cause de pr\u00e9judice \u00e0 personne. Green Hub SRL n'assume aucune responsabilit\u00e9 pour les dommages \u00e9ventuels caus\u00e9s par l'utilisation du contenu de ces commentaires par les utilisateurs du site, ils sont offerts sous la m\u00eame limitation de responsabilit\u00e9 que le reste du contenu sur le site, selon les articles de ce document.<\/p>\n<h1>\u00c0 propos des produits et services<\/h1>\n<p>Green Hub SRL ne donne aucune garantie, expresse ou implicite, concernant notamment, mais sans s'y limiter, le fonctionnement de ce site, les informations, l'exactitude des descriptions, la mise \u00e0 jour et la mise \u00e0 jour du contenu, des mat\u00e9riaux ou des produits sur le site ainsi que leur ad\u00e9quation \u00e0 un usage particulier. Les utilisateurs conviennent express\u00e9ment que l'utilisation de ce site et l'achat de produits ou services connexes sont \u00e0 leurs propres risques. Les images publi\u00e9es sur le site le sont par exemple, et les produits livr\u00e9s peuvent diff\u00e9rer des images pr\u00e9sent\u00e9es de quelque mani\u00e8re que ce soit (couleur, accessoires, apparence, etc.). Le contenu de frunky.ro (textes, descriptions de produits, caract\u00e9ristiques techniques, images, symboles) est r\u00e9alis\u00e9 en \u00e9troite collaboration avec les fournisseurs. Pour cette raison, Green Hub SRL n'assume aucune responsabilit\u00e9 pour les descriptions et sp\u00e9cifications des produits affich\u00e9s sur le site frunky.ro, qui sont identiques \u00e0 celles mises \u00e0 notre disposition par les repr\u00e9sentants de chaque marque. Green Hub SRL et ses partenaires se r\u00e9servent le droit de modifier les sp\u00e9cifications techniques des produits sans pr\u00e9avis. Les produits et services sont propos\u00e9s \u00abtels quels\u00bb et aussi longtemps que les stocks durent. Pour cette raison, Green Hub SRL se r\u00e9serve le droit de ne pas honorer une certaine commande si le produit concern\u00e9 dispara\u00eet de l'offre actuelle de l'importateur ou du distributeur.<\/p>\n<h1>\u00c0 propos des prix<\/h1>\n<p>Les prix incluent la TVA. Les prix n'incluent pas les frais de livraison, sauf indication contraire expresse sur le site Web. Le prix d'achat imprim\u00e9 sur la facture finale sera le m\u00eame que celui fix\u00e9 par le conseiller commercial au moment de la confirmation de la commande que la commande ferme, ou, dans le cas de commandes avec paiement en ligne directement par carte de cr\u00e9dit, ce prix sera celui publi\u00e9 sur le site au moment de l'achat. Il n'y a pas de limite de prix minimum pour passer une commande. Malgr\u00e9 nos efforts, un petit nombre de produits peuvent avoir des prix erron\u00e9s sur le site, mal fix\u00e9s par notre syst\u00e8me informatique. Dans ces circonstances, le prix final est toujours consid\u00e9r\u00e9 comme celui accept\u00e9 par le client dans les discussions avec nos conseillers commerciaux. Si le prix r\u00e9el du produit est sup\u00e9rieur au prix affich\u00e9 sur le site, nos conseillers commerciaux sont en droit de satisfaire votre demande de vous livrer le produit au prix publi\u00e9 sur le site uniquement dans la mesure o\u00f9 nous sommes en mesure de le faire, car vous avez \u00e9galement le droit de refuser la commande respective. Si le prix r\u00e9el est inf\u00e9rieur au prix publi\u00e9 sur le site, et que vous avez pay\u00e9 le prix \u00e0 l'avance par diff\u00e9rentes m\u00e9thodes (OP, carte bancaire, etc.), la diff\u00e9rence vous sera retourn\u00e9e comme convenu d'un commun accord, mais au plus tard 14 jours \u00e0 compter de la date de r\u00e9ception du produit. Nous nous r\u00e9servons le droit de ne pas honorer une commande si, en raison d'une erreur technique, le prix de vente final d'un produit de la commande est tellement disproportionn\u00e9 par rapport au prix pr\u00e9c\u00e9dent de ce produit que le prix est ridicule. Nous informerons le client d\u00e8s que possible de l'erreur survenue.<\/p>\n<h1>\u00c0 propos des stocks<\/h1>\n<p>Le stock affich\u00e9 sur le site est son propre stock, et frunky.ro met \u00e0 jour le stock du site chaque semaine pour fournir les meilleures informations. Pour \u00e9viter tout probl\u00e8me li\u00e9 \u00e0 la disponibilit\u00e9 des produits, veuillez contacter les repr\u00e9sentants de frunky.ro par t\u00e9l\u00e9phone ou par e-mail. Ainsi, Green Hub SRL ne peut garantir la disponibilit\u00e9 en stock de tous les produits affich\u00e9s. Nous nous r\u00e9servons le droit de ne pas honorer une commande particuli\u00e8re si ce produit dispara\u00eet de l'offre actuelle, n'est pas en stock, n'est plus fabriqu\u00e9 ou pour toute autre raison pouvant entra\u00eener l'impossibilit\u00e9 de livraison.<\/p>\n<h1>\u00c0 propos de la livraison<\/h1>\n<p>La livraison des produits est effectu\u00e9e n'importe o\u00f9 en Roumanie. Green Hub SRL se r\u00e9serve le droit de confirmer les commandes avant de les ex\u00e9cuter en contactant les clients. Les frais de transport seront \u00e0 la charge de l'acheteur, sauf indication contraire, et seront port\u00e9s \u00e0 la connaissance du client au moment de la confirmation de la commande. Les frais de port ne seront pas rembours\u00e9s en cas de retour des produits. Green Hub SRL se r\u00e9serve le droit de retarder ou d'annuler les livraisons des produits command\u00e9s s'ils ne peuvent pas \u00eatre honor\u00e9s pour des raisons ind\u00e9pendantes de Green Hub SRL qui comprennent: incendies, explosions, inondations, \u00e9pid\u00e9mies, gr\u00e8ves, actions gouvernementales, guerres, actes de terrorisme, manifestations, \u00e9meutes, troubles civils ou autres obstacles de force majeure selon les coutumes de la loi roumaine. L'acceptation des produits repr\u00e9sente l'acceptation par le client que les produits sont arriv\u00e9s en bon \u00e9tat. Le montant maximal des dommages et int\u00e9r\u00eats pouvant \u00eatre pay\u00e9 par Green Hub SRL \u00e0 tout client en cas de non-livraison ou de livraison incorrecte est le montant per\u00e7u par Green Hub SRL aupr\u00e8s de ce client. Ceci s'applique \u00e9galement au retour des produits.<\/p>\n<h1>\u00c0 propos du paiement<\/h1>\n<p>Le paiement des produits command\u00e9s en vertu des pr\u00e9sentes conditions g\u00e9n\u00e9rales peut \u00eatre effectu\u00e9 \u00e0 l'avance ou \u00e0 la livraison des produits. Green Hub SRL se r\u00e9serve le droit dans certains cas de demander le paiement des produits \u00e0 l'avance. Le paiement anticip\u00e9 peut \u00eatre effectu\u00e9 par virement bancaire ou par ordre de paiement; la preuve de paiement doit \u00eatre envoy\u00e9e \u00e0 Green Hub SRL \u00e0 l'adresse e-mail frunky.ro@gmail.com \/ ou par WhatsApp +40 771 226 393. La livraison ne sera effectu\u00e9e qu'apr\u00e8s la saisie de l'argent sur le compte Green Hub SRL. Le paiement anticip\u00e9 est \u00e9galement consid\u00e9r\u00e9 comme un paiement par carte de cr\u00e9dit en ligne. Dans ce cas, Green Hub SRL demandera au processeur de paiement \u00e9lectronique de confirmer la s\u00e9curit\u00e9 et la validit\u00e9 de la transaction, et effectuera des contr\u00f4les suppl\u00e9mentaires le cas \u00e9ch\u00e9ant, avant de livrer les produits, cette v\u00e9rification peut m\u00eame entra\u00eener l'annulation de la commande respective pour des raisons de s\u00e9curit\u00e9. Les produits command\u00e9s doivent \u00eatre pay\u00e9s en totalit\u00e9, sinon la livraison ne sera pas effectu\u00e9e.<\/p>\n<h1>\u00c0 propos de la garantie et du service<\/h1>\n<p>frunky.ro offre pour tous les produits vendus sur le site la garantie de retour sans probl\u00e8me pendant 14 jours \u00e0 compter de la date d'achat du produit. En plus de cette garantie, certains produits b\u00e9n\u00e9ficient de la garantie du fabricant, cette information se trouve sur la page du fabricant. En cas de d\u00e9couverte de d\u00e9fauts dans les produits achet\u00e9s aupr\u00e8s de frunky.ro.<\/p>\n<h1>Liens vers d'autres sites Web, serveur, navigateur<\/h1>\n<p>Le site frunky.ro est h\u00e9berg\u00e9 sur les serveurs d'une soci\u00e9t\u00e9 tierce. Green Hub SRL ne peut \u00eatre tenu responsable des erreurs survenant sur le site, quelles qu'en soient les raisons, y compris les modifications, les param\u00e8tres ou les mises \u00e0 jour du site. Green Hub SRL ne peut \u00eatre tenu responsable des erreurs survenues en raison de l'utilisation de certains navigateurs pour visiter le site frunky.ro. Green Hub SRL n'est pas responsable du contenu, de la qualit\u00e9 ou de la nature des sites accessibles via des liens sur le site www.frunky.ro. Pour ces sites, les propri\u00e9taires des sites en question portent l'enti\u00e8re responsabilit\u00e9.<\/p>\n<h1>Conditions d'utilisation de la newsletter<\/h1>\n<p>L'inscription et la d\u00e9sinscription \u00e0 la newsletter distribu\u00e9e par le site frunky.ro est gratuite et volontaire, ce qui implique l'acceptation des conditions d'utilisation suivantes. Les messages envoy\u00e9s ne sont pas non sollicit\u00e9s et vous pouvez vous d\u00e9sabonner \u00e0 tout moment en suivant les instructions dans le pied de page de chaque e-mail. Les messages envoy\u00e9s sont conformes \u00e0 la loi sur le commerce \u00e9lectronique en ce qui concerne la communication commerciale telle que stipul\u00e9e par la l\u00e9gislation roumaine et internationale. L'utilisation de la newsletter se fait dans les m\u00eames conditions de limitation de responsabilit\u00e9 en termes de contenu que l'utilisation du site est autoris\u00e9e, dans les conditions \u00e9nonc\u00e9es dans ce document (voir articles 4 \u00e0 10), et la politique de confidentialit\u00e9 est d\u00e9crite plus en d\u00e9tail dans la section Confidentialit\u00e9 ci-dessous. Green Hub SRL d\u00e9tient tous les droits sur le contenu de la newsletter envoy\u00e9e aux abonn\u00e9s dans les m\u00eames conditions que pour les informations publi\u00e9es sur le site (voir articles 1 et 3), conform\u00e9ment aux dispositions du pr\u00e9sent document. Les abonn\u00e9s \u00e0 la newsletter frunky.ro peuvent renvoyer ces communications commerciales \u00e0 d'autres personnes, sous leur responsabilit\u00e9, et \u00e0 condition qu'ils n'aient pas modifi\u00e9 la structure ou le contenu des messages respectifs. Les personnes qui ont re\u00e7u des messages commerciaux des abonn\u00e9s de la newsletter frunky.ro sont consid\u00e9r\u00e9es comme ayant \u00e9t\u00e9 inform\u00e9es \u00e0 l'avance par les abonn\u00e9s des dispositions de ce document. Dans ce contexte, Green Hub SRL ne peut en aucun cas \u00eatre tenue responsable des agissements de ses abonn\u00e9s. Green Hub SRL se r\u00e9serve le droit de restreindre l'acc\u00e8s de tout abonn\u00e9 \u00e0 la newsletter, apr\u00e8s notification pr\u00e9alable - ou sans notification pr\u00e9alable, \u00e0 propos de cette intention, si Green Hub SRL a des raisons de croire que cet abonn\u00e9 ne respecte pas les dispositions du pr\u00e9sent document.<\/p>\n<h1>Droit de retour des produits<\/h1>\n<p>Le client a le droit d'informer Green Hub SRL par \u00e9crit qu'il renonce \u00e0 l'achat, sans p\u00e9nalit\u00e9 et sans invoquer de motif, dans les 14 jours calendaires \u00e0 compter de la r\u00e9ception du produit ou, dans le cas de services, de la conclusion du contrat, en retournant dans ce d\u00e9lai le produit achet\u00e9 dans l'emballage d'origine, avec tous les accessoires et sans montrer aucune trace de dommage ou d'usure, le client supportant les frais d'exp\u00e9dition conform\u00e9ment \u00e0 la loi roumaine. Ce droit ne peut \u00eatre invoqu\u00e9 dans le cas de produits pr\u00e9lev\u00e9s dans nos locaux ou livr\u00e9s directement par notre personnel au client ou pour lesquels l'\u00e9chantillon a \u00e9t\u00e9 r\u00e9alis\u00e9. Les demandes de retour de produits seront faites en remplissant un e-mail \u00e0 l'adresse suivante: frunky.ro@gmail.com<\/p>\n<h1>Dispositions finales<\/h1>\n<p>Tout autre probl\u00e8me caus\u00e9 par les produits et services pr\u00e9sent\u00e9s sur frunky.ro, ou par les informations pr\u00e9sent\u00e9es sur ce site, et qui n'est d\u00e9j\u00e0 trait\u00e9 par aucun article de ce document, sera r\u00e9solu \u00e0 l'amiable dans les 14 jours ouvrables \u00e0 compter de la date de notification \u00e9crite des probl\u00e8mes par l'utilisateur. Si le conflit n'a pas \u00e9t\u00e9 r\u00e9gl\u00e9 \u00e0 l'amiable, la comp\u00e9tence appartient aux tribunaux roumains ou \u00e0 un organe de r\u00e8glement extrajudiciaire des litiges, convenu entre les deux parties. En acceptant les pr\u00e9sentes Conditions G\u00e9n\u00e9rales d'Utilisation du site frunky.ro, le client assume pleinement ces risques.<\/p>\n<h1>Confidentialit\u00e9<\/h1>\n<p>Nous respectons strictement la confidentialit\u00e9 des donn\u00e9es des clients et nous nous engageons \u00e0 ne pas transmettre les donn\u00e9es personnelles des clients \u00e0 des tiers et \u00e0 les utiliser exclusivement aux fins pour lesquelles elles ont \u00e9t\u00e9 saisies (commande) et pour des informations commerciales sur ce magasin. Nous n'encourageons pas le SPAM, nous ne fournissons pas votre adresse e-mail \u00e0 des tiers (personnes physiques ou morales), nous ne vendons pas, nous n'offrons pas, nous n'\u00e9changeons pas les adresses e-mail obtenues via ce site, nous ne divulguons pas votre adresse e-mail \u00e0 d'autres qui acc\u00e8dent aux pages de ce site.<\/p>\n<p>Conform\u00e9ment aux exigences de la loi n\u00b0 677\/2001 sur la protection des personnes physiques \u00e0 l'\u00e9gard du traitement des donn\u00e9es \u00e0 caract\u00e8re personnel et la libre circulation de ces donn\u00e9es, telle que modifi\u00e9e et compl\u00e9t\u00e9e, et de la loi n\u00b0 506\/2004 sur le traitement des donn\u00e9es \u00e0 caract\u00e8re personnel et la protection de la vie priv\u00e9e dans le secteur des communications \u00e9lectroniques, Green Hub SRL a l'obligation de g\u00e9rer en toute s\u00e9curit\u00e9 et uniquement aux fins sp\u00e9cifi\u00e9es, les donn\u00e9es \u00e0 caract\u00e8re personnel que vous fournissez sur vous-m\u00eame ou sur une autre personne. Le but de la collecte de donn\u00e9es personnelles est d'exploiter et de livrer vos commandes.<\/p>\n<p>Conform\u00e9ment \u00e0 la loi n\u00b0 677\/2001, vous disposez d'un droit d'acc\u00e8s, d'intervention sur les donn\u00e9es, du droit de ne pas faire l'objet d'une d\u00e9cision individuelle et du droit de recours devant la justice. Dans le m\u00eame temps, vous avez le droit de vous opposer au traitement des donn\u00e9es personnelles vous concernant et de demander la suppression des donn\u00e9es. Afin d'exercer ces droits, vous pouvez adresser une demande \u00e9crite, dat\u00e9e et sign\u00e9e par courrier \u00e0 notre soci\u00e9t\u00e9.<\/p>\n<p>frunky.ro donne \u00e0 l'utilisateur le droit de modifier vos coordonn\u00e9es que vous avez enregistr\u00e9es, certains aspects qui vous int\u00e9ressent, y compris de nouvelles informations sur les produits et services lanc\u00e9s. Vous pouvez \u00e9galement nous demander de supprimer vos donn\u00e9es \u00e0 tout moment en envoyant un e-mail \u00e0 frunky.ro@gmail.com.<\/p>\t\t\t\t\t\t\t\t<\/div>\n\t\t\t\t<\/div>\n\t\t\t\t\t<\/div>\n\t\t\t\t<\/div>\n\t\t\t\t<\/div>","protected":false},"excerpt":{"rendered":"<p>frunky.ro est la propri\u00e9t\u00e9 de Green Hub SRL, enregistr\u00e9e au registre du commerce sous le num\u00e9ro J03\/736\/2022 et ayant le code d\u2019enregistrement unique: 45853806. L'utilisation de ce site, y compris la visite et l'achat de produits \u00e0 partir de www.frunky.ro ou frunky.ro, comme ci-apr\u00e8s mentionn\u00e9, implique l'acceptation des termes et conditions ci-dessous. Nous vous recommandons de lire avec [...]<\/p>","protected":false},"author":1,"featured_media":0,"parent":0,"menu_order":0,"comment_status":"closed","ping_status":"open","template":"","meta":{"footnotes":""},"class_list":["post-3","page","type-page","status-publish","hentry"],"aioseo_notices":[],"_links":{"self":[{"href":"https:\/\/frunky2.dev.enovate.ro\/fr\/wp-json\/wp\/v2\/pages\/3","targetHints":{"allow":["GET"]}}],"collection":[{"href":"https:\/\/frunky2.dev.enovate.ro\/fr\/wp-json\/wp\/v2\/pages"}],"about":[{"href":"https:\/\/frunky2.dev.enovate.ro\/fr\/wp-json\/wp\/v2\/types\/page"}],"author":[{"embeddable":true,"href":"https:\/\/frunky2.dev.enovate.ro\/fr\/wp-json\/wp\/v2\/users\/1"}],"replies":[{"embeddable":true,"href":"https:\/\/frunky2.dev.enovate.ro\/fr\/wp-json\/wp\/v2\/comments?post=3"}],"version-history":[{"count":13,"href":"https:\/\/frunky2.dev.enovate.ro\/fr\/wp-json\/wp\/v2\/pages\/3\/revisions"}],"predecessor-version":[{"id":45307,"href":"https:\/\/frunky2.dev.enovate.ro\/fr\/wp-json\/wp\/v2\/pages\/3\/revisions\/45307"}],"wp:attachment":[{"href":"https:\/\/frunky2.dev.enovate.ro\/fr\/wp-json\/wp\/v2\/media?parent=3"}],"curies":[{"name":"wp","href":"https:\/\/api.w.org\/{rel}","templated":true}]}}