{"id":45082,"date":"2025-04-14T22:27:55","date_gmt":"2025-04-14T22:27:55","guid":{"rendered":"https:\/\/frunky2.dev.enovate.ro\/?page_id=45082"},"modified":"2025-04-14T22:39:57","modified_gmt":"2025-04-14T22:39:57","slug":"metode-de-livrare","status":"publish","type":"page","link":"https:\/\/frunky2.dev.enovate.ro\/fr\/metode-de-livrare\/","title":{"rendered":"Modes de livraison"},"content":{"rendered":"<div data-elementor-type=\"wp-page\" data-elementor-id=\"45082\" class=\"elementor elementor-45082\">\n\t\t\t\t<div class=\"elementor-element elementor-element-035626c e-flex e-con-boxed e-con e-parent\" data-id=\"035626c\" data-element_type=\"container\">\n\t\t\t\t\t<div class=\"e-con-inner\">\n\t\t\t\t<div class=\"elementor-element elementor-element-b6c570e elementor-widget elementor-widget-text-editor\" data-id=\"b6c570e\" data-element_type=\"widget\" data-widget_type=\"text-editor.default\">\n\t\t\t\t<div class=\"elementor-widget-container\">\n\t\t\t\t\t\t\t\t\t<h1>Conditions de livraison<\/h1>\n<p>Les commandes peuvent \u00eatre ramass\u00e9es personnellement \u00e0 Bucarest ou \u00e0 Pitesti.<br>La livraison est effectu\u00e9e dans les 3 jours ouvrables pour tous les produits en stock.<br>La livraison dans le pays ou en dehors de la Roumanie est effectu\u00e9e par la poste roumaine. Le temps de transit d\u00e9pend de la zone de livraison et varie entre 2 et 5 jours.<br>Pour la livraison en dehors de la Roumanie, le d\u00e9lai de transit est de 1 \u00e0 2 semaines.<br>Une fois les produits exp\u00e9di\u00e9s, le syst\u00e8me envoie un e-mail avec toutes les donn\u00e9es n\u00e9cessaires pour suivre la livraison.<\/p>\n<h1>Conditions de retour<\/h1>\n<p>En cas d'insatisfaction, le produit peut \u00eatre retourn\u00e9 dans les 30 jours suivant sa r\u00e9ception.<\/p>\t\t\t\t\t\t\t\t<\/div>\n\t\t\t\t<\/div>\n\t\t\t\t\t<\/div>\n\t\t\t\t<\/div>\n\t\t\t\t<\/div>","protected":false},"excerpt":{"rendered":"<p>Les commandes peuvent \u00eatre ramass\u00e9es personnellement \u00e0 Bucarest ou \u00e0 Pitesti.La livraison est effectu\u00e9e en 3 jours ouvrables pour tous les produits en stock.La livraison dans le pays ou en dehors de la Roumanie est effectu\u00e9e par la poste roumaine. Le temps de transit d\u00e9pend de la zone de livraison et varie entre 2 et 5 jours.Pour la livraison en dehors de la Roumanie [...]<\/p>","protected":false},"author":1,"featured_media":0,"parent":0,"menu_order":0,"comment_status":"closed","ping_status":"closed","template":"elementor_theme","meta":{"footnotes":""},"class_list":["post-45082","page","type-page","status-publish","hentry"],"aioseo_notices":[],"_links":{"self":[{"href":"https:\/\/frunky2.dev.enovate.ro\/fr\/wp-json\/wp\/v2\/pages\/45082","targetHints":{"allow":["GET"]}}],"collection":[{"href":"https:\/\/frunky2.dev.enovate.ro\/fr\/wp-json\/wp\/v2\/pages"}],"about":[{"href":"https:\/\/frunky2.dev.enovate.ro\/fr\/wp-json\/wp\/v2\/types\/page"}],"author":[{"embeddable":true,"href":"https:\/\/frunky2.dev.enovate.ro\/fr\/wp-json\/wp\/v2\/users\/1"}],"replies":[{"embeddable":true,"href":"https:\/\/frunky2.dev.enovate.ro\/fr\/wp-json\/wp\/v2\/comments?post=45082"}],"version-history":[{"count":20,"href":"https:\/\/frunky2.dev.enovate.ro\/fr\/wp-json\/wp\/v2\/pages\/45082\/revisions"}],"predecessor-version":[{"id":45113,"href":"https:\/\/frunky2.dev.enovate.ro\/fr\/wp-json\/wp\/v2\/pages\/45082\/revisions\/45113"}],"wp:attachment":[{"href":"https:\/\/frunky2.dev.enovate.ro\/fr\/wp-json\/wp\/v2\/media?parent=45082"}],"curies":[{"name":"wp","href":"https:\/\/api.w.org\/{rel}","templated":true}]}}