{"id":3989,"date":"2018-05-30T05:03:00","date_gmt":"2018-05-30T05:03:00","guid":{"rendered":"http:\/\/localhost\/wordpress\/bumbleb\/?post_type=product&#038;p=3989"},"modified":"2025-07-18T12:28:09","modified_gmt":"2025-07-18T12:28:09","slug":"frunk-dacia-spring","status":"publish","type":"product","link":"https:\/\/frunky2.dev.enovate.ro\/fr\/produit\/frunk-dacia-spring\/","title":{"rendered":"FRUNK DACIA SPRING"},"content":{"rendered":"<p class=\"p1\">Ce Frunky vous offre 40 litres d'espace de rangement suppl\u00e9mentaire sous le capot.<\/p>\n<p class=\"p1\">Con\u00e7u sp\u00e9cifiquement pour Dacia Spring, enregistr\u00e9 aupr\u00e8s de l\u2019OSIM et de l\u2019EUIPO.<\/p>\n<p class=\"p1\">Id\u00e9al pour ranger le c\u00e2ble de charge, le kit de s\u00e9curit\u00e9 de voiture ou un sac.<\/p>\n<p class=\"p1\">Gardez la temp\u00e9rature constante.<\/p>\n<p class=\"p1\">Facile \u00e0 monter.<\/p>\n<p class=\"p1\">Produit cr\u00e9\u00e9 et fabriqu\u00e9 en Roumanie.<\/p>","protected":false},"excerpt":{"rendered":"<p>Ce Frunky vous offre 40 litres d'espace de rangement suppl\u00e9mentaire sous le capot.<\/p>","protected":false},"featured_media":45180,"comment_status":"open","ping_status":"closed","template":"","meta":[],"product_brand":[],"product_cat":[153],"product_tag":[],"class_list":{"0":"post-3989","1":"product","2":"type-product","3":"status-publish","4":"has-post-thumbnail","6":"product_cat-frunk","9":"first","10":"instock","11":"sale","12":"shipping-taxable","13":"purchasable","14":"product-type-simple"},"aioseo_notices":[],"_links":{"self":[{"href":"https:\/\/frunky2.dev.enovate.ro\/fr\/wp-json\/wp\/v2\/product\/3989","targetHints":{"allow":["GET"]}}],"collection":[{"href":"https:\/\/frunky2.dev.enovate.ro\/fr\/wp-json\/wp\/v2\/product"}],"about":[{"href":"https:\/\/frunky2.dev.enovate.ro\/fr\/wp-json\/wp\/v2\/types\/product"}],"replies":[{"embeddable":true,"href":"https:\/\/frunky2.dev.enovate.ro\/fr\/wp-json\/wp\/v2\/comments?post=3989"}],"wp:featuredmedia":[{"embeddable":true,"href":"https:\/\/frunky2.dev.enovate.ro\/fr\/wp-json\/wp\/v2\/media\/45180"}],"wp:attachment":[{"href":"https:\/\/frunky2.dev.enovate.ro\/fr\/wp-json\/wp\/v2\/media?parent=3989"}],"wp:term":[{"taxonomy":"product_brand","embeddable":true,"href":"https:\/\/frunky2.dev.enovate.ro\/fr\/wp-json\/wp\/v2\/product_brand?post=3989"},{"taxonomy":"product_cat","embeddable":true,"href":"https:\/\/frunky2.dev.enovate.ro\/fr\/wp-json\/wp\/v2\/product_cat?post=3989"},{"taxonomy":"product_tag","embeddable":true,"href":"https:\/\/frunky2.dev.enovate.ro\/fr\/wp-json\/wp\/v2\/product_tag?post=3989"}],"curies":[{"name":"wp","href":"https:\/\/api.w.org\/{rel}","templated":true}]}}