{"id":45130,"date":"2025-04-15T10:25:53","date_gmt":"2025-04-15T10:25:53","guid":{"rendered":"https:\/\/frunky2.dev.enovate.ro\/?post_type=product&#038;p=45130"},"modified":"2025-07-18T08:41:12","modified_gmt":"2025-07-18T08:41:12","slug":"frunk-hyundai-kona","status":"publish","type":"product","link":"https:\/\/frunky2.dev.enovate.ro\/fr\/produit\/frunk-hyundai-kona\/","title":{"rendered":"FRUNK Hyundai Kona"},"content":{"rendered":"<p class=\"p1\">NOUVEAU! Nous avons con\u00e7u ce Frunky sp\u00e9cifiquement pour Hyundai Kona Electric.<\/p>\n<p class=\"p1\">Frunky est compatible avec les mod\u00e8les Hyundai Kona Electric <span class=\"s1\">2019-2020 et 2021-2022.<\/span><\/p>\n<p class=\"p1\">Frunky vous offre 40 litres d'espace de rangement suppl\u00e9mentaire sous le capot.<\/p>\n<p class=\"p1\">Id\u00e9al pour ranger le c\u00e2ble de charge, le kit de s\u00e9curit\u00e9 de la voiture ou tout ce que vous voulez garder \u00e0 l'ext\u00e9rieur de la cabine de la voiture.<\/p>\n<p class=\"p1\">Gardez la temp\u00e9rature constante.<\/p>\n<p class=\"p1\">Facile \u00e0 monter.<\/p>\n<p class=\"p1\">Produit cr\u00e9\u00e9 et fabriqu\u00e9 en Roumanie. Produit enregistr\u00e9 aupr\u00e8s de l\u2019OSIM et de l\u2019EUIPO.<\/p>","protected":false},"excerpt":{"rendered":"<p class=\"p1\">Frunky est compatible avec les mod\u00e8les Hyundai Kona Electric <span class=\"s1\">2019-2020 et 2021-2022.<\/span><\/p>","protected":false},"featured_media":45186,"comment_status":"open","ping_status":"closed","template":"","meta":[],"product_brand":[],"product_cat":[153],"product_tag":[],"class_list":{"0":"post-45130","1":"product","2":"type-product","3":"status-publish","4":"has-post-thumbnail","6":"product_cat-frunk","9":"first","10":"instock","11":"sale","12":"shipping-taxable","13":"purchasable","14":"product-type-simple"},"aioseo_notices":[],"_links":{"self":[{"href":"https:\/\/frunky2.dev.enovate.ro\/fr\/wp-json\/wp\/v2\/product\/45130","targetHints":{"allow":["GET"]}}],"collection":[{"href":"https:\/\/frunky2.dev.enovate.ro\/fr\/wp-json\/wp\/v2\/product"}],"about":[{"href":"https:\/\/frunky2.dev.enovate.ro\/fr\/wp-json\/wp\/v2\/types\/product"}],"replies":[{"embeddable":true,"href":"https:\/\/frunky2.dev.enovate.ro\/fr\/wp-json\/wp\/v2\/comments?post=45130"}],"wp:featuredmedia":[{"embeddable":true,"href":"https:\/\/frunky2.dev.enovate.ro\/fr\/wp-json\/wp\/v2\/media\/45186"}],"wp:attachment":[{"href":"https:\/\/frunky2.dev.enovate.ro\/fr\/wp-json\/wp\/v2\/media?parent=45130"}],"wp:term":[{"taxonomy":"product_brand","embeddable":true,"href":"https:\/\/frunky2.dev.enovate.ro\/fr\/wp-json\/wp\/v2\/product_brand?post=45130"},{"taxonomy":"product_cat","embeddable":true,"href":"https:\/\/frunky2.dev.enovate.ro\/fr\/wp-json\/wp\/v2\/product_cat?post=45130"},{"taxonomy":"product_tag","embeddable":true,"href":"https:\/\/frunky2.dev.enovate.ro\/fr\/wp-json\/wp\/v2\/product_tag?post=45130"}],"curies":[{"name":"wp","href":"https:\/\/api.w.org\/{rel}","templated":true}]}}