{"id":14474,"date":"2020-08-19T07:40:26","date_gmt":"2020-08-19T07:40:26","guid":{"rendered":"http:\/\/localhost\/wordpress\/bumbleb\/?page_id=14474"},"modified":"2025-05-04T22:55:10","modified_gmt":"2025-05-04T22:55:10","slug":"intrebari-frecvente","status":"publish","type":"page","link":"https:\/\/frunky2.dev.enovate.ro\/it\/intrebari-frecvente\/","title":{"rendered":"Domande frequenti"},"content":{"rendered":"<div data-elementor-type=\"wp-page\" data-elementor-id=\"14474\" class=\"elementor elementor-14474\">\n\t\t\t\t\t\t<section class=\"elementor-section elementor-top-section elementor-element elementor-element-66e9c05 elementor-section-boxed elementor-section-height-default elementor-section-height-default\" data-id=\"66e9c05\" data-element_type=\"section\">\n\t\t\t\t\t\t<div class=\"elementor-container elementor-column-gap-default\">\n\t\t\t\t\t<div class=\"elementor-column elementor-col-100 elementor-top-column elementor-element elementor-element-4170ba4\" data-id=\"4170ba4\" data-element_type=\"column\">\n\t\t\t<div class=\"elementor-widget-wrap elementor-element-populated\">\n\t\t\t\t\t\t<div class=\"elementor-element elementor-element-ca300dd elementor-view-default elementor-widget elementor-widget-icon\" data-id=\"ca300dd\" data-element_type=\"widget\" data-widget_type=\"icon.default\">\n\t\t\t\t<div class=\"elementor-widget-container\">\n\t\t\t\t\t\t\t<div class=\"elementor-icon-wrapper\">\n\t\t\t<div class=\"elementor-icon\">\n\t\t\t\t\t\t<\/div>\n\t\t<\/div>\n\t\t\t\t\t\t<\/div>\n\t\t\t\t<\/div>\n\t\t\t\t<div class=\"elementor-element elementor-element-ba7f0e9 title-block-1 elementor-widget elementor-widget-heading\" data-id=\"ba7f0e9\" data-element_type=\"widget\" data-widget_type=\"heading.default\">\n\t\t\t\t<div class=\"elementor-widget-container\">\n\t\t\t\t\t<h2 class=\"elementor-heading-title elementor-size-default\">Domande frequenti<\/h2>\t\t\t\t<\/div>\n\t\t\t\t<\/div>\n\t\t\t\t\t<\/div>\n\t\t<\/div>\n\t\t\t\t\t<\/div>\n\t\t<\/section>\n\t\t\t\t<section class=\"elementor-section elementor-top-section elementor-element elementor-element-acbdb48 elementor-section-boxed elementor-section-height-default elementor-section-height-default\" data-id=\"acbdb48\" data-element_type=\"section\">\n\t\t\t\t\t\t<div class=\"elementor-container elementor-column-gap-default\">\n\t\t\t\t\t<div class=\"elementor-column elementor-col-50 elementor-top-column elementor-element elementor-element-2d2b84b\" data-id=\"2d2b84b\" data-element_type=\"column\">\n\t\t\t<div class=\"elementor-widget-wrap elementor-element-populated\">\n\t\t\t\t\t\t<div class=\"elementor-element elementor-element-72c70e8 elementor-widget elementor-widget-heading\" data-id=\"72c70e8\" data-element_type=\"widget\" data-widget_type=\"heading.default\">\n\t\t\t\t<div class=\"elementor-widget-container\">\n\t\t\t\t\t<h2 class=\"elementor-heading-title elementor-size-default\">01. Sicurezza<\/h2>\t\t\t\t<\/div>\n\t\t\t\t<\/div>\n\t\t\t\t<div class=\"elementor-element elementor-element-8a84d42 elementor-widget elementor-widget-text-editor\" data-id=\"8a84d42\" data-element_type=\"widget\" data-widget_type=\"text-editor.default\">\n\t\t\t\t<div class=\"elementor-widget-container\">\n\t\t\t\t\t\t\t\t\t<p class=\"p1\"><b>Ci sono rischi per il riscaldamento o il raffreddamento del motore o della batteria?<\/b><\/p>\t\t\t\t\t\t\t\t<\/div>\n\t\t\t\t<\/div>\n\t\t\t\t<div class=\"elementor-element elementor-element-19dfa4d elementor-widget elementor-widget-text-editor\" data-id=\"19dfa4d\" data-element_type=\"widget\" data-widget_type=\"text-editor.default\">\n\t\t\t\t<div class=\"elementor-widget-container\">\n\t\t\t\t\t\t\t\t\t<p class=\"p1\">Il montaggio del frunk non influisce sul raffreddamento del motore o della batteria. Il team Frunky ha condotto test di temperatura per oltre 2 anni in tutte le stagioni e non ci sono stati aumenti di temperatura.<\/p>\t\t\t\t\t\t\t\t<\/div>\n\t\t\t\t<\/div>\n\t\t\t\t<div class=\"elementor-element elementor-element-2ddce35 elementor-widget elementor-widget-text-editor\" data-id=\"2ddce35\" data-element_type=\"widget\" data-widget_type=\"text-editor.default\">\n\t\t\t\t<div class=\"elementor-widget-container\">\n\t\t\t\t\t\t\t\t\t<p class=\"p1\"><b>L'acqua entra in Frunky?<\/b><\/p>\t\t\t\t\t\t\t\t<\/div>\n\t\t\t\t<\/div>\n\t\t\t\t<div class=\"elementor-element elementor-element-f82b452 elementor-widget elementor-widget-text-editor\" data-id=\"f82b452\" data-element_type=\"widget\" data-widget_type=\"text-editor.default\">\n\t\t\t\t<div class=\"elementor-widget-container\">\n\t\t\t\t\t\t\t\t\t<p class=\"p1\">Frunky \u00e8 fatto di plastica in modo che eventuali spruzzi d'acqua che possono verificarsi durante la guida sotto la pioggia o strade bagnate non raggiungeranno i bagagli. Chederes offerti gratuitamente con ogni Frunky isolare ermeticamente il cappuccio contro acqua e polvere, proteggendo gli oggetti all'interno compreso l'autolavaggio.<\/p>\t\t\t\t\t\t\t\t<\/div>\n\t\t\t\t<\/div>\n\t\t\t\t<div class=\"elementor-element elementor-element-9342301 elementor-widget elementor-widget-text-editor\" data-id=\"9342301\" data-element_type=\"widget\" data-widget_type=\"text-editor.default\">\n\t\t\t\t<div class=\"elementor-widget-container\">\n\t\t\t\t\t\t\t\t\t<p class=\"p1\"><b>La mia garanzia dell'automobile \u00e8 influenzata?<\/b><\/p>\t\t\t\t\t\t\t\t<\/div>\n\t\t\t\t<\/div>\n\t\t\t\t<div class=\"elementor-element elementor-element-ca54782 elementor-widget elementor-widget-text-editor\" data-id=\"ca54782\" data-element_type=\"widget\" data-widget_type=\"text-editor.default\">\n\t\t\t\t<div class=\"elementor-widget-container\">\n\t\t\t\t\t\t\t\t\t<p class=\"p1\">Frunky non influisce in alcun modo sulla funzionalit\u00e0 della macchina e non richiede alcuna modifica, quindi non c'\u00e8 motivo per cui si perderebbe la garanzia. Tuttavia, per una migliore performance della revisione periodica, si consiglia di smantellare il Frunky prima delle visite di servizio. Lo smontaggio e il montaggio sono molto semplici.<\/p>\t\t\t\t\t\t\t\t<\/div>\n\t\t\t\t<\/div>\n\t\t\t\t\t<\/div>\n\t\t<\/div>\n\t\t\t\t<div class=\"elementor-column elementor-col-50 elementor-top-column elementor-element elementor-element-46827e5\" data-id=\"46827e5\" data-element_type=\"column\">\n\t\t\t<div class=\"elementor-widget-wrap elementor-element-populated\">\n\t\t\t\t\t\t<div class=\"elementor-element elementor-element-97de7fa elementor-widget elementor-widget-heading\" data-id=\"97de7fa\" data-element_type=\"widget\" data-widget_type=\"heading.default\">\n\t\t\t\t<div class=\"elementor-widget-container\">\n\t\t\t\t\t<h2 class=\"elementor-heading-title elementor-size-default\">02. Montaggio<\/h2>\t\t\t\t<\/div>\n\t\t\t\t<\/div>\n\t\t\t\t<div class=\"elementor-element elementor-element-e97e387 elementor-widget elementor-widget-text-editor\" data-id=\"e97e387\" data-element_type=\"widget\" data-widget_type=\"text-editor.default\">\n\t\t\t\t<div class=\"elementor-widget-container\">\n\t\t\t\t\t\t\t\t\t<p class=\"p1\"><b>Come montare Frunky?<\/b><\/p>\t\t\t\t\t\t\t\t<\/div>\n\t\t\t\t<\/div>\n\t\t\t\t<div class=\"elementor-element elementor-element-20eb60b elementor-widget elementor-widget-text-editor\" data-id=\"20eb60b\" data-element_type=\"widget\" data-widget_type=\"text-editor.default\">\n\t\t\t\t<div class=\"elementor-widget-container\">\n\t\t\t\t\t\t\t\t\t<p class=\"p1\">Frunky pu\u00f2 essere facilmente montato a casa. Il bloccaggio avviene in 10 punti, utilizzando le clip del kit di montaggio. Per un migliore isolamento del Frunky, vi offriamo una guarnizione cofano gratuitamente.<\/p><p class=\"p1\">Per maggiori dettagli, abbiamo preparato un tutorial di montaggio passo-passo qui.<\/p><p class=\"p2\"><span class=\"s1\">Come montare (<a href=\"https:\/\/www.facebook.com\/share\/r\/1AQKhLxstT\/\"><span class=\"s2\">https:\/\/www.facebook.com\/share\/r\/1AQKhLxstT\/<\/span><\/a><\/span><span class=\"s3\">)<\/span><\/p>\t\t\t\t\t\t\t\t<\/div>\n\t\t\t\t<\/div>\n\t\t\t\t<div class=\"elementor-element elementor-element-8c5f1a8 elementor-widget elementor-widget-text-editor\" data-id=\"8c5f1a8\" data-element_type=\"widget\" data-widget_type=\"text-editor.default\">\n\t\t\t\t<div class=\"elementor-widget-container\">\n\t\t\t\t\t\t\t\t\t<p>Ora vedo i tempi di consegna pi\u00f9 lunghi di (una parte di) il mio ordine. Come posso annullarlo?<\/p>\t\t\t\t\t\t\t\t<\/div>\n\t\t\t\t<\/div>\n\t\t\t\t<div class=\"elementor-element elementor-element-a0d6221 elementor-widget elementor-widget-text-editor\" data-id=\"a0d6221\" data-element_type=\"widget\" data-widget_type=\"text-editor.default\">\n\t\t\t\t<div class=\"elementor-widget-container\">\n\t\t\t\t\t\t\t\t\t<p>Se l'ordine ha un tempo di consegna pi\u00f9 lungo di quello che avevi visto in precedenza, \u00e8 ovviamente possibile annullare (una parte) dell'ordine. Per questo puoi contattare il nostro servizio clienti. Annullano l'ordine per te. L'importo dell'acquisto verr\u00e0 restituito sul tuo conto bancario entro due giorni lavorativi. Quando un ordine \u00e8 gi\u00e0 stato spedito, non pu\u00f2 pi\u00f9 essere annullato.<\/p>\t\t\t\t\t\t\t\t<\/div>\n\t\t\t\t<\/div>\n\t\t\t\t\t<\/div>\n\t\t<\/div>\n\t\t\t\t\t<\/div>\n\t\t<\/section>\n\t\t\t\t<section class=\"elementor-section elementor-top-section elementor-element elementor-element-654ba5d elementor-section-boxed elementor-section-height-default elementor-section-height-default\" data-id=\"654ba5d\" data-element_type=\"section\">\n\t\t\t\t\t\t<div class=\"elementor-container elementor-column-gap-default\">\n\t\t\t\t\t<div class=\"elementor-column elementor-col-50 elementor-top-column elementor-element elementor-element-79cd7ac\" data-id=\"79cd7ac\" data-element_type=\"column\">\n\t\t\t<div class=\"elementor-widget-wrap elementor-element-populated\">\n\t\t\t\t\t\t<div class=\"elementor-element elementor-element-23a61e7 elementor-widget elementor-widget-heading\" data-id=\"23a61e7\" data-element_type=\"widget\" data-widget_type=\"heading.default\">\n\t\t\t\t<div class=\"elementor-widget-container\">\n\t\t\t\t\t<h2 class=\"elementor-heading-title elementor-size-default\">03. Uso<\/h2>\t\t\t\t<\/div>\n\t\t\t\t<\/div>\n\t\t\t\t<div class=\"elementor-element elementor-element-7865024 elementor-widget elementor-widget-text-editor\" data-id=\"7865024\" data-element_type=\"widget\" data-widget_type=\"text-editor.default\">\n\t\t\t\t<div class=\"elementor-widget-container\">\n\t\t\t\t\t\t\t\t\t<p class=\"p1\"><b>Qual \u00e8 il volume di Frunky?<\/b><\/p>\t\t\t\t\t\t\t\t<\/div>\n\t\t\t\t<\/div>\n\t\t\t\t<div class=\"elementor-element elementor-element-5ddc240 elementor-widget elementor-widget-text-editor\" data-id=\"5ddc240\" data-element_type=\"widget\" data-widget_type=\"text-editor.default\">\n\t\t\t\t<div class=\"elementor-widget-container\">\n\t\t\t\t\t\t\t\t\t<p class=\"p1\">Frunky ti offre uno spazio di archiviazione extra di circa 40 litri.<\/p>\t\t\t\t\t\t\t\t<\/div>\n\t\t\t\t<\/div>\n\t\t\t\t<div class=\"elementor-element elementor-element-5ab8cef elementor-widget elementor-widget-text-editor\" data-id=\"5ab8cef\" data-element_type=\"widget\" data-widget_type=\"text-editor.default\">\n\t\t\t\t<div class=\"elementor-widget-container\">\n\t\t\t\t\t\t\t\t\t<p class=\"p1\"><b>Quanto \u00e8 forte Frunky?<\/b><\/p>\t\t\t\t\t\t\t\t<\/div>\n\t\t\t\t<\/div>\n\t\t\t\t<div class=\"elementor-element elementor-element-4508ca8 elementor-widget elementor-widget-text-editor\" data-id=\"4508ca8\" data-element_type=\"widget\" data-widget_type=\"text-editor.default\">\n\t\t\t\t<div class=\"elementor-widget-container\">\n\t\t\t\t\t\t\t\t\t<p class=\"p1\">Frunky \u00e8 realizzato in materiale resistente e rigido e poggia sulla carrozzeria dell'auto, che consente un deposito bagagli pesante senza influire sulla sua forma. Il ruolo ideale per cui \u00e8 stato progettato il concetto Frunky \u00e8 quello di riporre accessori come cavi di ricarica, kit sanitari, triangolo riflettente, liberando cos\u00ec spazio nel bagagliaio<span class=\"s1\">.<\/span><\/p>\t\t\t\t\t\t\t\t<\/div>\n\t\t\t\t<\/div>\n\t\t\t\t<div class=\"elementor-element elementor-element-ca4127a elementor-widget elementor-widget-text-editor\" data-id=\"ca4127a\" data-element_type=\"widget\" data-widget_type=\"text-editor.default\">\n\t\t\t\t<div class=\"elementor-widget-container\">\n\t\t\t\t\t\t\t\t\t<p class=\"p1\"><b>Quanto ci vorra' prima che arrivi Frunky?<\/b><\/p>\t\t\t\t\t\t\t\t<\/div>\n\t\t\t\t<\/div>\n\t\t\t\t<div class=\"elementor-element elementor-element-6389efd elementor-widget elementor-widget-text-editor\" data-id=\"6389efd\" data-element_type=\"widget\" data-widget_type=\"text-editor.default\">\n\t\t\t\t<div class=\"elementor-widget-container\">\n\t\t\t\t\t\t\t\t\tUna volta pagato l'ordine, non riceverai automaticamente una fattura per il tuo ordine. Se si desidera ricevere una fattura, questo pu\u00f2 essere fatto in due modi.Il primo modo \u00e8 attraverso il tuo account presso il nostro negozio. Quando accedi al tuo account puoi vedere i tuoi ordini e scaricare la fattura.\t\t\t\t\t\t\t\t<\/div>\n\t\t\t\t<\/div>\n\t\t\t\t\t<\/div>\n\t\t<\/div>\n\t\t\t\t<div class=\"elementor-column elementor-col-50 elementor-top-column elementor-element elementor-element-76aaebb\" data-id=\"76aaebb\" data-element_type=\"column\">\n\t\t\t<div class=\"elementor-widget-wrap elementor-element-populated\">\n\t\t\t\t\t\t<div class=\"elementor-element elementor-element-9e341b1 elementor-widget elementor-widget-heading\" data-id=\"9e341b1\" data-element_type=\"widget\" data-widget_type=\"heading.default\">\n\t\t\t\t<div class=\"elementor-widget-container\">\n\t\t\t\t\t<h2 class=\"elementor-heading-title elementor-size-default\">04. Consegna<\/h2>\t\t\t\t<\/div>\n\t\t\t\t<\/div>\n\t\t\t\t<div class=\"elementor-element elementor-element-5bfc156 elementor-widget elementor-widget-text-editor\" data-id=\"5bfc156\" data-element_type=\"widget\" data-widget_type=\"text-editor.default\">\n\t\t\t\t<div class=\"elementor-widget-container\">\n\t\t\t\t\t\t\t\t\tQuando ricevo il mio ordine?\t\t\t\t\t\t\t\t<\/div>\n\t\t\t\t<\/div>\n\t\t\t\t<div class=\"elementor-element elementor-element-bb2f0af elementor-widget elementor-widget-text-editor\" data-id=\"bb2f0af\" data-element_type=\"widget\" data-widget_type=\"text-editor.default\">\n\t\t\t\t<div class=\"elementor-widget-container\">\n\t\t\t\t\t\t\t\t\t<p class=\"p1\">Consegniamo Frunky in tutto il paese entro 3 giorni lavorativi. Prendiamo ordini anche dall'estero, in collaborazione con l'ufficio postale locale, ma l'attesa ne varr\u00e0 la pena, vi garantiamo!<\/p>\t\t\t\t\t\t\t\t<\/div>\n\t\t\t\t<\/div>\n\t\t\t\t<div class=\"elementor-element elementor-element-c34a0e4 elementor-widget elementor-widget-text-editor\" data-id=\"c34a0e4\" data-element_type=\"widget\" data-widget_type=\"text-editor.default\">\n\t\t\t\t<div class=\"elementor-widget-container\">\n\t\t\t\t\t\t\t\t\t<p class=\"p1\"><b>Se Frunky non mi piace, posso restituirlo?<\/b><\/p>\t\t\t\t\t\t\t\t<\/div>\n\t\t\t\t<\/div>\n\t\t\t\t<div class=\"elementor-element elementor-element-244190b elementor-widget elementor-widget-text-editor\" data-id=\"244190b\" data-element_type=\"widget\" data-widget_type=\"text-editor.default\">\n\t\t\t\t<div class=\"elementor-widget-container\">\n\t\t\t\t\t\t\t\t\t<p class=\"p1\">Se (improbabile) non ti piace Frunky, puoi restituirlo entro 30 giorni, ma solo se il prodotto non ha traccia di usura. Il costo della spedizione di ritorno sar\u00e0 a carico del cliente. Se avete dubbi dopo aver ricevuto Frunky, non esitate a contattarci e siamo lieti di aiutarvi.<\/p>\t\t\t\t\t\t\t\t<\/div>\n\t\t\t\t<\/div>\n\t\t\t\t<div class=\"elementor-element elementor-element-eb374a1 elementor-widget elementor-widget-text-editor\" data-id=\"eb374a1\" data-element_type=\"widget\" data-widget_type=\"text-editor.default\">\n\t\t\t\t<div class=\"elementor-widget-container\">\n\t\t\t\t\t\t\t\t\tQuando ricever\u00f2 la fattura per il mio ordine?\t\t\t\t\t\t\t\t<\/div>\n\t\t\t\t<\/div>\n\t\t\t\t<div class=\"elementor-element elementor-element-7fc4d36 elementor-widget elementor-widget-text-editor\" data-id=\"7fc4d36\" data-element_type=\"widget\" data-widget_type=\"text-editor.default\">\n\t\t\t\t<div class=\"elementor-widget-container\">\n\t\t\t\t\t\t\t\t\tUna volta pagato l'ordine, non riceverai automaticamente una fattura per il tuo ordine. Se si desidera ricevere una fattura, questo pu\u00f2 essere fatto in due modi.Il primo modo \u00e8 attraverso il tuo account presso il nostro negozio. Quando accedi al tuo account puoi vedere i tuoi ordini e scaricare la fattura.\t\t\t\t\t\t\t\t<\/div>\n\t\t\t\t<\/div>\n\t\t\t\t\t<\/div>\n\t\t<\/div>\n\t\t\t\t\t<\/div>\n\t\t<\/section>\n\t\t\t\t<\/div>","protected":false},"excerpt":{"rendered":"<p>Domande frequenti 01. Ci sono rischi per il riscaldamento o il raffreddamento del motore o della batteria? Il montaggio del frunk non influisce sul raffreddamento del motore o della batteria. Il team Frunky ha condotto test di temperatura per oltre 2 anni in tutte le stagioni e non ci sono stati aumenti di temperatura. L'acqua entra in Frunky? Frunky \u00e8 fatto di [...]<\/p>","protected":false},"author":1,"featured_media":0,"parent":0,"menu_order":0,"comment_status":"closed","ping_status":"closed","template":"","meta":{"footnotes":""},"class_list":["post-14474","page","type-page","status-publish","hentry"],"aioseo_notices":[],"_links":{"self":[{"href":"https:\/\/frunky2.dev.enovate.ro\/it\/wp-json\/wp\/v2\/pages\/14474","targetHints":{"allow":["GET"]}}],"collection":[{"href":"https:\/\/frunky2.dev.enovate.ro\/it\/wp-json\/wp\/v2\/pages"}],"about":[{"href":"https:\/\/frunky2.dev.enovate.ro\/it\/wp-json\/wp\/v2\/types\/page"}],"author":[{"embeddable":true,"href":"https:\/\/frunky2.dev.enovate.ro\/it\/wp-json\/wp\/v2\/users\/1"}],"replies":[{"embeddable":true,"href":"https:\/\/frunky2.dev.enovate.ro\/it\/wp-json\/wp\/v2\/comments?post=14474"}],"version-history":[{"count":4,"href":"https:\/\/frunky2.dev.enovate.ro\/it\/wp-json\/wp\/v2\/pages\/14474\/revisions"}],"predecessor-version":[{"id":45224,"href":"https:\/\/frunky2.dev.enovate.ro\/it\/wp-json\/wp\/v2\/pages\/14474\/revisions\/45224"}],"wp:attachment":[{"href":"https:\/\/frunky2.dev.enovate.ro\/it\/wp-json\/wp\/v2\/media?parent=14474"}],"curies":[{"name":"wp","href":"https:\/\/api.w.org\/{rel}","templated":true}]}}